{"id":2334,"date":"2024-09-18T09:19:45","date_gmt":"2024-09-18T09:19:45","guid":{"rendered":"https:\/\/vbjewellery.cz\/?page_id=2334"},"modified":"2025-03-09T12:05:31","modified_gmt":"2025-03-09T12:05:31","slug":"o-nas","status":"publish","type":"page","link":"https:\/\/vbjewellery.cz\/en\/o-nas\/","title":{"rendered":"About us"},"content":{"rendered":"<div data-elementor-type=\"wp-page\" data-elementor-id=\"2334\" class=\"elementor elementor-2334\">\n\t\t\t\t<div class=\"elementor-element elementor-element-608070a2 e-con-full e-flex e-con e-parent\" data-id=\"608070a2\" data-element_type=\"container\" data-e-type=\"container\" data-settings=\"{&quot;background_background&quot;:&quot;classic&quot;}\">\n\t\t<div class=\"elementor-element elementor-element-32868fbc e-flex e-con-boxed e-con e-child\" data-id=\"32868fbc\" data-element_type=\"container\" data-e-type=\"container\">\n\t\t\t\t\t<div class=\"e-con-inner\">\n\t\t\t\t<div class=\"elementor-element elementor-element-4efc10e3 elementor-widget elementor-widget-text-editor\" data-id=\"4efc10e3\" data-element_type=\"widget\" data-e-type=\"widget\" data-widget_type=\"text-editor.default\">\n\t\t\t\t<div class=\"elementor-widget-container\">\n\t\t\t\t\t\t\t\t\t<p>ABOUT US<\/p>\t\t\t\t\t\t\t\t<\/div>\n\t\t\t\t<\/div>\n\t\t\t\t<div class=\"elementor-element elementor-element-3e227973 elementor-widget elementor-widget-heading\" data-id=\"3e227973\" data-element_type=\"widget\" data-e-type=\"widget\" data-widget_type=\"heading.default\">\n\t\t\t\t<div class=\"elementor-widget-container\">\n\t\t\t\t\t<h1 class=\"elementor-heading-title elementor-size-default\">VB Jewellery<\/h1>\t\t\t\t<\/div>\n\t\t\t\t<\/div>\n\t\t\t\t\t<\/div>\n\t\t\t\t<\/div>\n\t\t\t\t<\/div>\n\t\t<div class=\"elementor-element elementor-element-4851dfcc e-flex e-con-boxed e-con e-parent\" data-id=\"4851dfcc\" data-element_type=\"container\" data-e-type=\"container\">\n\t\t\t\t\t<div class=\"e-con-inner\">\n\t\t<div class=\"elementor-element elementor-element-12582f65 e-con-full e-flex e-con e-child\" data-id=\"12582f65\" data-element_type=\"container\" data-e-type=\"container\">\n\t\t\t\t<div class=\"elementor-element elementor-element-58d486b2 elementor-widget elementor-widget-heading\" data-id=\"58d486b2\" data-element_type=\"widget\" data-e-type=\"widget\" data-widget_type=\"heading.default\">\n\t\t\t\t<div class=\"elementor-widget-container\">\n\t\t\t\t\t<h2 class=\"elementor-heading-title elementor-size-default\">VB JEWELLERY<\/h2>\t\t\t\t<\/div>\n\t\t\t\t<\/div>\n\t\t\t\t<div class=\"elementor-element elementor-element-294798aa elementor-widget-divider--view-line elementor-widget elementor-widget-divider\" data-id=\"294798aa\" data-element_type=\"widget\" data-e-type=\"widget\" data-widget_type=\"divider.default\">\n\t\t\t\t<div class=\"elementor-widget-container\">\n\t\t\t\t\t\t\t<div class=\"elementor-divider\">\n\t\t\t<span class=\"elementor-divider-separator\">\n\t\t\t\t\t\t<\/span>\n\t\t<\/div>\n\t\t\t\t\t\t<\/div>\n\t\t\t\t<\/div>\n\t\t\t\t<\/div>\n\t\t<div class=\"elementor-element elementor-element-360a928b e-con-full e-flex e-con e-child\" data-id=\"360a928b\" data-element_type=\"container\" data-e-type=\"container\">\n\t\t\t\t<div class=\"elementor-element elementor-element-48e961ae elementor-widget elementor-widget-text-editor\" data-id=\"48e961ae\" data-element_type=\"widget\" data-e-type=\"widget\" data-widget_type=\"text-editor.default\">\n\t\t\t\t<div class=\"elementor-widget-container\">\n\t\t\t\t\t\t\t\t\t<p><strong>VB Jewelery was founded in 2024. by Michael Birhane and Ji\u0159\u00ed Vymyslick\u00fd. More than twenty years of experience make them experts in the field.<\/strong><\/p><p>VB Jewellery was initially founded as a brand based on their personal beliefs that quality Jewellery should not be exorbitantly priced. As a Jewellery enthusiasts noticed that fine Jewellery are usually priced out of range for most people for daily wear, while costume Jewellery tend to be of inferior quality. Our Jewellery was quintessentially founded to seek a happy medium between the 2 extremes, offering customers quality Jewellery pieces at reasonable, affordable prices.<\/p><p>Our mission is to craft alluring jewellery for everyday wear, and our vision is to become the preferred jewellery brand. We believe that jewellery should be handcrafted like in the days of yore, and designed to always stand up to the rigors of contemporary everyday wear.<\/p><p>We postulate that fine jewellery should not just be adorned for special occasions, but also be used for everyday wear to brighten up the mundane.<\/p>\t\t\t\t\t\t\t\t<\/div>\n\t\t\t\t<\/div>\n\t\t\t\t<\/div>\n\t\t\t\t\t<\/div>\n\t\t\t\t<\/div>\n\t\t<div class=\"elementor-element elementor-element-35655cb3 e-flex e-con-boxed e-con e-parent\" data-id=\"35655cb3\" data-element_type=\"container\" data-e-type=\"container\" data-settings=\"{&quot;background_background&quot;:&quot;classic&quot;}\">\n\t\t\t\t\t<div class=\"e-con-inner\">\n\t\t<div class=\"elementor-element elementor-element-28c8ee15 e-con-full e-flex e-con e-child\" data-id=\"28c8ee15\" data-element_type=\"container\" data-e-type=\"container\">\n\t\t\t\t<div class=\"elementor-element elementor-element-2b1b7cdb elementor-widget elementor-widget-heading\" data-id=\"2b1b7cdb\" data-element_type=\"widget\" data-e-type=\"widget\" data-widget_type=\"heading.default\">\n\t\t\t\t<div class=\"elementor-widget-container\">\n\t\t\t\t\t<h4 class=\"elementor-heading-title elementor-size-default\">We offer high-quality jewelry for retailers and wholesalers at the lowest prices in the Czech Republic.<\/h4>\t\t\t\t<\/div>\n\t\t\t\t<\/div>\n\t\t\t\t<\/div>\n\t\t\t\t\t<\/div>\n\t\t\t\t<\/div>\n\t\t<div class=\"elementor-element elementor-element-72d6ce0b e-flex e-con-boxed e-con e-parent\" data-id=\"72d6ce0b\" data-element_type=\"container\" data-e-type=\"container\" data-settings=\"{&quot;background_background&quot;:&quot;classic&quot;}\">\n\t\t\t\t\t<div class=\"e-con-inner\">\n\t\t<div class=\"elementor-element elementor-element-2710565a e-con-full e-flex e-con e-child\" data-id=\"2710565a\" data-element_type=\"container\" data-e-type=\"container\">\n\t\t<div class=\"elementor-element elementor-element-69e6d510 e-con-full e-flex e-con e-child\" data-id=\"69e6d510\" data-element_type=\"container\" data-e-type=\"container\" data-settings=\"{&quot;background_background&quot;:&quot;classic&quot;}\">\n\t\t\t\t<div class=\"elementor-element elementor-element-5bd06557 elementor-widget__width-auto elementor-widget-tablet__width-inherit elementor-widget elementor-widget-icon-box\" data-id=\"5bd06557\" data-element_type=\"widget\" data-e-type=\"widget\" data-widget_type=\"icon-box.default\">\n\t\t\t\t<div class=\"elementor-widget-container\">\n\t\t\t\t\t\t\t<div class=\"elementor-icon-box-wrapper\">\n\n\t\t\t\n\t\t\t\t\t\t<div class=\"elementor-icon-box-content\">\n\n\t\t\t\t\t\t\t\t\t<h6 class=\"elementor-icon-box-title\">\n\t\t\t\t\t\t<span  >\n\t\t\t\t\t\t\tOur vision\t\t\t\t\t\t<\/span>\n\t\t\t\t\t<\/h6>\n\t\t\t\t\n\t\t\t\t\t\t\t\t\t<p class=\"elementor-icon-box-description\">\n\t\t\t\t\t\tOur vision is to become the market leader in the wholesale of silver and steel jewellery. We believe that quality, availability and customer service should and always are a priority.\t\t\t\t\t<\/p>\n\t\t\t\t\n\t\t\t<\/div>\n\t\t\t\n\t\t<\/div>\n\t\t\t\t\t\t<\/div>\n\t\t\t\t<\/div>\n\t\t\t\t<\/div>\n\t\t<div class=\"elementor-element elementor-element-1c9af8c7 e-con-full e-flex e-con e-child\" data-id=\"1c9af8c7\" data-element_type=\"container\" data-e-type=\"container\" data-settings=\"{&quot;background_background&quot;:&quot;classic&quot;}\">\n\t\t\t\t<div class=\"elementor-element elementor-element-36f4498a elementor-widget__width-auto elementor-widget-tablet__width-inherit elementor-widget elementor-widget-icon-box\" data-id=\"36f4498a\" data-element_type=\"widget\" data-e-type=\"widget\" data-widget_type=\"icon-box.default\">\n\t\t\t\t<div class=\"elementor-widget-container\">\n\t\t\t\t\t\t\t<div class=\"elementor-icon-box-wrapper\">\n\n\t\t\t\n\t\t\t\t\t\t<div class=\"elementor-icon-box-content\">\n\n\t\t\t\t\t\t\t\t\t<h6 class=\"elementor-icon-box-title\">\n\t\t\t\t\t\t<span  >\n\t\t\t\t\t\t\tOur mission\t\t\t\t\t\t<\/span>\n\t\t\t\t\t<\/h6>\n\t\t\t\t\n\t\t\t\t\t\t\t\t\t<p class=\"elementor-icon-box-description\">\n\t\t\t\t\t\tOur mission is to sell gorgeous jewelry for everyday wear that is safe and comfortable even for customers with delicate, sensitive skin, and for allergy sufferers.\t\t\t\t\t<\/p>\n\t\t\t\t\n\t\t\t<\/div>\n\t\t\t\n\t\t<\/div>\n\t\t\t\t\t\t<\/div>\n\t\t\t\t<\/div>\n\t\t\t\t<\/div>\n\t\t\t\t<\/div>\n\t\t\t\t\t<\/div>\n\t\t\t\t<\/div>\n\t\t<div class=\"elementor-element elementor-element-38b9903a elementor-hidden-tablet elementor-hidden-mobile e-con-full e-flex e-con e-parent\" data-id=\"38b9903a\" data-element_type=\"container\" data-e-type=\"container\" data-settings=\"{&quot;background_background&quot;:&quot;classic&quot;}\">\n\t\t<div class=\"elementor-element elementor-element-7a4ecff8 e-con-full e-flex e-con e-child\" data-id=\"7a4ecff8\" data-element_type=\"container\" data-e-type=\"container\">\n\t\t\t\t<\/div>\n\t\t<div class=\"elementor-element elementor-element-e689e5c e-con-full e-flex e-con e-child\" data-id=\"e689e5c\" data-element_type=\"container\" data-e-type=\"container\">\n\t\t\t\t<div class=\"elementor-element elementor-element-5f63e7a8 elementor-widget elementor-widget-heading\" data-id=\"5f63e7a8\" data-element_type=\"widget\" data-e-type=\"widget\" data-widget_type=\"heading.default\">\n\t\t\t\t<div class=\"elementor-widget-container\">\n\t\t\t\t\t<h2 class=\"elementor-heading-title elementor-size-default\">About us<\/h2>\t\t\t\t<\/div>\n\t\t\t\t<\/div>\n\t\t\t\t<div class=\"elementor-element elementor-element-1816351a elementor-widget elementor-widget-text-editor\" data-id=\"1816351a\" data-element_type=\"widget\" data-e-type=\"widget\" data-widget_type=\"text-editor.default\">\n\t\t\t\t<div class=\"elementor-widget-container\">\n\t\t\t\t\t\t\t\t\t<p>Jewellery was initially founded as a brand based on their personal beliefs that quality Jewellery should not be exorbitantly priced. As a Jewellery enthusiasts noticed that fine Jewellery are usually priced out of range for most people for daily wear, while costume Jewellery tend to be of inferior quality. Our Jewellery was quintessentially founded to seek a happy medium between the 2 extremes, offering customers quality Jewellery pieces at reasonable, affordable prices.<\/p><p>We know what's best for you - all our jewelery is safe and comfortable, even for customers with sensitive skin or allergies.<\/p>\t\t\t\t\t\t\t\t<\/div>\n\t\t\t\t<\/div>\n\t\t\t\t<\/div>\n\t\t\t\t<\/div>\n\t\t<div class=\"elementor-element elementor-element-74bb3983 elementor-hidden-desktop e-flex e-con-boxed e-con e-parent\" data-id=\"74bb3983\" data-element_type=\"container\" data-e-type=\"container\" data-settings=\"{&quot;background_background&quot;:&quot;classic&quot;}\">\n\t\t\t\t\t<div class=\"e-con-inner\">\n\t\t<div class=\"elementor-element elementor-element-4a017866 e-con-full e-flex e-con e-child\" data-id=\"4a017866\" data-element_type=\"container\" data-e-type=\"container\">\n\t\t\t\t<div class=\"elementor-element elementor-element-6fb3aaa0 elementor-widget elementor-widget-image\" data-id=\"6fb3aaa0\" data-element_type=\"widget\" data-e-type=\"widget\" data-widget_type=\"image.default\">\n\t\t\t\t<div class=\"elementor-widget-container\">\n\t\t\t\t\t\t\t\t\t\t\t\t\t\t\t<img fetchpriority=\"high\" decoding=\"async\" width=\"819\" height=\"1024\" src=\"https:\/\/vbjewellery.cz\/wp-content\/uploads\/2024\/09\/IMG_0008-819x1024.jpeg\" class=\"attachment-large size-large wp-image-2332\" alt=\"\" srcset=\"https:\/\/vbjewellery.cz\/wp-content\/uploads\/2024\/09\/IMG_0008-819x1024.jpeg 819w, https:\/\/vbjewellery.cz\/wp-content\/uploads\/2024\/09\/IMG_0008-240x300.jpeg 240w, https:\/\/vbjewellery.cz\/wp-content\/uploads\/2024\/09\/IMG_0008-768x960.jpeg 768w, https:\/\/vbjewellery.cz\/wp-content\/uploads\/2024\/09\/IMG_0008-1229x1536.jpeg 1229w, https:\/\/vbjewellery.cz\/wp-content\/uploads\/2024\/09\/IMG_0008-1638x2048.jpeg 1638w, https:\/\/vbjewellery.cz\/wp-content\/uploads\/2024\/09\/IMG_0008-scaled.jpeg 2048w\" sizes=\"(max-width: 819px) 100vw, 819px\" \/>\t\t\t\t\t\t\t\t\t\t\t\t\t\t\t<\/div>\n\t\t\t\t<\/div>\n\t\t\t\t<\/div>\n\t\t<div class=\"elementor-element elementor-element-73f6dc6c e-con-full e-flex e-con e-child\" data-id=\"73f6dc6c\" data-element_type=\"container\" data-e-type=\"container\">\n\t\t\t\t<div class=\"elementor-element elementor-element-349e6005 elementor-widget elementor-widget-heading\" data-id=\"349e6005\" data-element_type=\"widget\" data-e-type=\"widget\" data-widget_type=\"heading.default\">\n\t\t\t\t<div class=\"elementor-widget-container\">\n\t\t\t\t\t<h2 class=\"elementor-heading-title elementor-size-default\">About us<\/h2>\t\t\t\t<\/div>\n\t\t\t\t<\/div>\n\t\t\t\t<div class=\"elementor-element elementor-element-35d308d1 elementor-widget elementor-widget-text-editor\" data-id=\"35d308d1\" data-element_type=\"widget\" data-e-type=\"widget\" data-widget_type=\"text-editor.default\">\n\t\t\t\t<div class=\"elementor-widget-container\">\n\t\t\t\t\t\t\t\t\t<p>Jewellery was initially founded as a brand based on their personal beliefs that quality Jewellery should not be exorbitantly priced. As a Jewellery enthusiasts noticed that fine Jewellery are usually priced out of range for most people for daily wear, while costume Jewellery tend to be of inferior quality. Our Jewellery was quintessentially founded to seek a happy medium between the 2 extremes, offering customers quality Jewellery pieces at reasonable, affordable prices.<\/p><p>We know what's best for you - all our jewelery is safe and comfortable, even for customers with sensitive skin or allergies.<\/p>\t\t\t\t\t\t\t\t<\/div>\n\t\t\t\t<\/div>\n\t\t\t\t<\/div>\n\t\t\t\t\t<\/div>\n\t\t\t\t<\/div>\n\t\t<div class=\"elementor-element elementor-element-ecefc51 e-flex e-con-boxed e-con e-parent\" data-id=\"ecefc51\" data-element_type=\"container\" data-e-type=\"container\">\n\t\t\t\t\t<div class=\"e-con-inner\">\n\t\t\t\t<div class=\"elementor-element elementor-element-854a3b9 elementor-hidden-desktop elementor-hidden-tablet elementor-widget elementor-widget-image\" data-id=\"854a3b9\" data-element_type=\"widget\" data-e-type=\"widget\" data-widget_type=\"image.default\">\n\t\t\t\t<div class=\"elementor-widget-container\">\n\t\t\t\t\t\t\t\t\t\t\t\t\t\t\t<img decoding=\"async\" width=\"684\" height=\"1024\" src=\"https:\/\/vbjewellery.cz\/wp-content\/uploads\/2024\/09\/IMG_0009-684x1024.jpeg\" class=\"attachment-large size-large wp-image-2333\" alt=\"\" srcset=\"https:\/\/vbjewellery.cz\/wp-content\/uploads\/2024\/09\/IMG_0009-684x1024.jpeg 684w, https:\/\/vbjewellery.cz\/wp-content\/uploads\/2024\/09\/IMG_0009-200x300.jpeg 200w, https:\/\/vbjewellery.cz\/wp-content\/uploads\/2024\/09\/IMG_0009-768x1151.jpeg 768w, https:\/\/vbjewellery.cz\/wp-content\/uploads\/2024\/09\/IMG_0009-1025x1536.jpeg 1025w, https:\/\/vbjewellery.cz\/wp-content\/uploads\/2024\/09\/IMG_0009-1367x2048.jpeg 1367w, https:\/\/vbjewellery.cz\/wp-content\/uploads\/2024\/09\/IMG_0009-scaled.jpeg 1709w\" sizes=\"(max-width: 684px) 100vw, 684px\" \/>\t\t\t\t\t\t\t\t\t\t\t\t\t\t\t<\/div>\n\t\t\t\t<\/div>\n\t\t\t\t\t<\/div>\n\t\t\t\t<\/div>\n\t\t<div class=\"elementor-element elementor-element-2ab11a4f e-flex e-con-boxed e-con e-parent\" data-id=\"2ab11a4f\" data-element_type=\"container\" data-e-type=\"container\">\n\t\t\t\t\t<div class=\"e-con-inner\">\n\t\t\t\t<div class=\"elementor-element elementor-element-7b68338 elementor-widget elementor-widget-text-editor\" data-id=\"7b68338\" data-element_type=\"widget\" data-e-type=\"widget\" data-widget_type=\"text-editor.default\">\n\t\t\t\t<div class=\"elementor-widget-container\">\n\t\t\t\t\t\t\t\t\t<p>Convince yourself of our unbeatable prices on the market and <strong><a href=\"https:\/\/vbjewellery.cz\/en\/kontakt\/\">contact us at any time<\/a>.<\/strong><\/p>\t\t\t\t\t\t\t\t<\/div>\n\t\t\t\t<\/div>\n\t\t\t\t<div class=\"elementor-element elementor-element-567a6a5f elementor-widget elementor-widget-button\" data-id=\"567a6a5f\" data-element_type=\"widget\" data-e-type=\"widget\" data-widget_type=\"button.default\">\n\t\t\t\t<div class=\"elementor-widget-container\">\n\t\t\t\t\t\t\t\t\t<div class=\"elementor-button-wrapper\">\n\t\t\t\t\t<a class=\"elementor-button elementor-button-link elementor-size-sm\" href=\"https:\/\/vbjewellery.cz\/wp-content\/uploads\/2025\/03\/oficialni-dokumenty-VB-Jewellery-s.r.o.pdf\" download=\"ofici\u00e1ln\u00ed dokumenty VB Jewellery\" id=\"download\">\n\t\t\t\t\t\t<span class=\"elementor-button-content-wrapper\">\n\t\t\t\t\t\t\t\t\t<span class=\"elementor-button-text\">Official documents<\/span>\n\t\t\t\t\t<\/span>\n\t\t\t\t\t<\/a>\n\t\t\t\t<\/div>\n\t\t\t\t\t\t\t\t<\/div>\n\t\t\t\t<\/div>\n\t\t\t\t\t<\/div>\n\t\t\t\t<\/div>\n\t\t\t\t<\/div>","protected":false},"excerpt":{"rendered":"<p>O N\u00c1S VB Jewellery VB JEWELLERY Firma VB Jewellery byla zalo\u017eena v roce 2024 Michaelem Birhanem a Ji\u0159\u00edm Vymyslick\u00fdm. Oba zakladatel\u00e9 maj\u00ed v\u00edce ne\u017e 20 let zku\u0161enost\u00ed ve velkoobchodu a maloobchodu se st\u0159\u00edbrn\u00fdmi a ocelov\u00fdmi \u0161perky. Jako milovn\u00edci st\u0159\u00edbrn\u00fdch a ocelov\u00fdch \u0161perk\u016f jsme si v\u0161imli, \u017ee kvalitn\u00ed \u0161perky jsou pro v\u011bt\u0161inu lid\u00ed \u010dasto cenov\u011b nedostupn\u00e9 [&hellip;]<\/p>\n","protected":false},"author":1,"featured_media":0,"parent":0,"menu_order":0,"comment_status":"closed","ping_status":"closed","template":"","meta":{"_uag_custom_page_level_css":"","site-sidebar-layout":"no-sidebar","site-content-layout":"page-builder","ast-site-content-layout":"full-width-container","site-content-style":"default","site-sidebar-style":"default","ast-global-header-display":"","ast-banner-title-visibility":"","ast-main-header-display":"","ast-hfb-above-header-display":"","ast-hfb-below-header-display":"","ast-hfb-mobile-header-display":"","site-post-title":"disabled","ast-breadcrumbs-content":"","ast-featured-img":"disabled","footer-sml-layout":"","ast-disable-related-posts":"","theme-transparent-header-meta":"","adv-header-id-meta":"","stick-header-meta":"","header-above-stick-meta":"","header-main-stick-meta":"","header-below-stick-meta":"","astra-migrate-meta-layouts":"set","ast-page-background-enabled":"default","ast-page-background-meta":{"desktop":{"background-color":"var(--ast-global-color-4)","background-image":"","background-repeat":"repeat","background-position":"center center","background-size":"auto","background-attachment":"scroll","background-type":"","background-media":"","overlay-type":"","overlay-color":"","overlay-opacity":"","overlay-gradient":""},"tablet":{"background-color":"","background-image":"","background-repeat":"repeat","background-position":"center center","background-size":"auto","background-attachment":"scroll","background-type":"","background-media":"","overlay-type":"","overlay-color":"","overlay-opacity":"","overlay-gradient":""},"mobile":{"background-color":"","background-image":"","background-repeat":"repeat","background-position":"center center","background-size":"auto","background-attachment":"scroll","background-type":"","background-media":"","overlay-type":"","overlay-color":"","overlay-opacity":"","overlay-gradient":""}},"ast-content-background-meta":{"desktop":{"background-color":"var(--ast-global-color-5)","background-image":"","background-repeat":"repeat","background-position":"center center","background-size":"auto","background-attachment":"scroll","background-type":"","background-media":"","overlay-type":"","overlay-color":"","overlay-opacity":"","overlay-gradient":""},"tablet":{"background-color":"var(--ast-global-color-5)","background-image":"","background-repeat":"repeat","background-position":"center center","background-size":"auto","background-attachment":"scroll","background-type":"","background-media":"","overlay-type":"","overlay-color":"","overlay-opacity":"","overlay-gradient":""},"mobile":{"background-color":"var(--ast-global-color-5)","background-image":"","background-repeat":"repeat","background-position":"center center","background-size":"auto","background-attachment":"scroll","background-type":"","background-media":"","overlay-type":"","overlay-color":"","overlay-opacity":"","overlay-gradient":""}},"_glsr_average":0,"_glsr_ranking":0,"_glsr_reviews":0,"footnotes":""},"class_list":["post-2334","page","type-page","status-publish","hentry"],"uagb_featured_image_src":{"full":false,"thumbnail":false,"medium":false,"medium_large":false,"large":false,"1536x1536":false,"2048x2048":false,"trp-custom-language-flag":false},"uagb_author_info":{"display_name":"admin","author_link":"https:\/\/vbjewellery.cz\/en\/author\/admin\/"},"uagb_comment_info":0,"uagb_excerpt":"O N\u00c1S VB Jewellery VB JEWELLERY Firma VB Jewellery byla zalo\u017eena v roce 2024 Michaelem Birhanem a Ji\u0159\u00edm Vymyslick\u00fdm. Oba zakladatel\u00e9 maj\u00ed v\u00edce ne\u017e 20 let zku\u0161enost\u00ed ve velkoobchodu a maloobchodu se st\u0159\u00edbrn\u00fdmi a ocelov\u00fdmi \u0161perky. Jako milovn\u00edci st\u0159\u00edbrn\u00fdch a ocelov\u00fdch \u0161perk\u016f jsme si v\u0161imli, \u017ee kvalitn\u00ed \u0161perky jsou pro v\u011bt\u0161inu lid\u00ed \u010dasto cenov\u011b nedostupn\u00e9&hellip;","_links":{"self":[{"href":"https:\/\/vbjewellery.cz\/en\/wp-json\/wp\/v2\/pages\/2334","targetHints":{"allow":["GET"]}}],"collection":[{"href":"https:\/\/vbjewellery.cz\/en\/wp-json\/wp\/v2\/pages"}],"about":[{"href":"https:\/\/vbjewellery.cz\/en\/wp-json\/wp\/v2\/types\/page"}],"author":[{"embeddable":true,"href":"https:\/\/vbjewellery.cz\/en\/wp-json\/wp\/v2\/users\/1"}],"replies":[{"embeddable":true,"href":"https:\/\/vbjewellery.cz\/en\/wp-json\/wp\/v2\/comments?post=2334"}],"version-history":[{"count":47,"href":"https:\/\/vbjewellery.cz\/en\/wp-json\/wp\/v2\/pages\/2334\/revisions"}],"predecessor-version":[{"id":2652,"href":"https:\/\/vbjewellery.cz\/en\/wp-json\/wp\/v2\/pages\/2334\/revisions\/2652"}],"wp:attachment":[{"href":"https:\/\/vbjewellery.cz\/en\/wp-json\/wp\/v2\/media?parent=2334"}],"curies":[{"name":"wp","href":"https:\/\/api.w.org\/{rel}","templated":true}]}}