{"id":2301,"date":"2024-09-17T15:48:33","date_gmt":"2024-09-17T15:48:33","guid":{"rendered":"https:\/\/vbjewellery.cz\/?page_id=2301"},"modified":"2024-09-17T15:49:23","modified_gmt":"2024-09-17T15:49:23","slug":"povinnosti-kupujiciho","status":"publish","type":"page","link":"https:\/\/vbjewellery.cz\/en\/povinnosti-kupujiciho\/","title":{"rendered":"Buyer's obligations"},"content":{"rendered":"<div data-elementor-type=\"wp-page\" data-elementor-id=\"2301\" class=\"elementor elementor-2301\">\n\t\t\t\t<div class=\"elementor-element elementor-element-742f5628 e-flex e-con-boxed e-con e-parent\" data-id=\"742f5628\" data-element_type=\"container\" data-e-type=\"container\">\n\t\t\t\t\t<div class=\"e-con-inner\">\n\t\t\t\t<div class=\"elementor-element elementor-element-7611e2ba elementor-widget elementor-widget-heading\" data-id=\"7611e2ba\" data-element_type=\"widget\" data-e-type=\"widget\" data-widget_type=\"heading.default\">\n\t\t\t\t<div class=\"elementor-widget-container\">\n\t\t\t\t\t<h2 class=\"elementor-heading-title elementor-size-default\">Buyer's obligations<\/h2>\t\t\t\t<\/div>\n\t\t\t\t<\/div>\n\t\t\t\t<div class=\"elementor-element elementor-element-240669df elementor-widget elementor-widget-text-editor\" data-id=\"240669df\" data-element_type=\"widget\" data-e-type=\"widget\" data-widget_type=\"text-editor.default\">\n\t\t\t\t<div class=\"elementor-widget-container\">\n\t\t\t\t\t\t\t\t\t<p><span style=\"background-color: var(--ast-global-color-4); color: var( --e-global-color-text ); font-family: var( --e-global-typography-text-font-family ), Sans-serif; font-style: inherit; font-weight: inherit; text-align: var(--text-align);\">\u2022 After delivery of the goods, the buyer is obliged to accept and pay for the ordered goods.<\/span><\/p><p>\u2022 You must check the ordered goods upon receipt and contact us if there are any defects upon receipt of the goods.<\/p><p>The seller is not liable for damage caused by improper use, nor for damage caused by improper handling, care and the consequences of such damage.\u00a0<\/p><p>\u00a0<\/p><p>Silver jewelry is rhodium-plated on the surface. This surface gives the jewelry a higher shine, resistance to abrasion and highlights the white color of the jewelry. To maintain the beautiful appearance of the jewelry, we recommend that you put it aside when doing household and other chores that risk scratching, abrasion or damaging the rhodium surface layer. Such damage to the jewelry surface is not a reason for a complaint or possible claim.<\/p>\t\t\t\t\t\t\t\t<\/div>\n\t\t\t\t<\/div>\n\t\t\t\t\t<\/div>\n\t\t\t\t<\/div>\n\t\t\t\t<\/div>","protected":false},"excerpt":{"rendered":"<p>Povinnosti kupuj\u00edc\u00edho \u2022 Po p\u0159ed\u00e1n\u00ed zbo\u017e\u00ed je kupuj\u00edc\u00ed povinen p\u0159evz\u00edt a zaplatit pen\u00edze za objednan\u00e9 zbo\u017e\u00ed. \u2022 Objednan\u00e9 zbo\u017e\u00ed p\u0159i p\u0159evzet\u00ed mus\u00edte zkontrolovat a v p\u0159\u00edpad\u011b z\u00e1vad n\u00e1s zkontaktujte p\u0159i p\u0159evzet\u00ed zbo\u017e\u00ed. Prod\u00e1vaj\u00edc\u00ed nenese odpov\u011bdnost za \u0161kody zp\u016fsoben\u00e9 nespr\u00e1vn\u00fdm pou\u017eit\u00edm, ani za \u0161kody zp\u016fsoben\u00e9 nespr\u00e1vn\u00fdm zach\u00e1zen\u00edm, p\u00e9\u010d\u00ed a d\u016fsledky t\u011bchto \u0161kod.\u00a0 \u00a0 St\u0159\u00edbrn\u00e9 \u0161perky jsou [&hellip;]<\/p>\n","protected":false},"author":1,"featured_media":0,"parent":0,"menu_order":0,"comment_status":"closed","ping_status":"closed","template":"","meta":{"_uag_custom_page_level_css":"","site-sidebar-layout":"no-sidebar","site-content-layout":"page-builder","ast-site-content-layout":"full-width-container","site-content-style":"default","site-sidebar-style":"default","ast-global-header-display":"","ast-banner-title-visibility":"","ast-main-header-display":"","ast-hfb-above-header-display":"","ast-hfb-below-header-display":"","ast-hfb-mobile-header-display":"","site-post-title":"disabled","ast-breadcrumbs-content":"","ast-featured-img":"disabled","footer-sml-layout":"","ast-disable-related-posts":"","theme-transparent-header-meta":"","adv-header-id-meta":"","stick-header-meta":"","header-above-stick-meta":"","header-main-stick-meta":"","header-below-stick-meta":"","astra-migrate-meta-layouts":"set","ast-page-background-enabled":"default","ast-page-background-meta":{"desktop":{"background-color":"var(--ast-global-color-4)","background-image":"","background-repeat":"repeat","background-position":"center center","background-size":"auto","background-attachment":"scroll","background-type":"","background-media":"","overlay-type":"","overlay-color":"","overlay-opacity":"","overlay-gradient":""},"tablet":{"background-color":"","background-image":"","background-repeat":"repeat","background-position":"center center","background-size":"auto","background-attachment":"scroll","background-type":"","background-media":"","overlay-type":"","overlay-color":"","overlay-opacity":"","overlay-gradient":""},"mobile":{"background-color":"","background-image":"","background-repeat":"repeat","background-position":"center center","background-size":"auto","background-attachment":"scroll","background-type":"","background-media":"","overlay-type":"","overlay-color":"","overlay-opacity":"","overlay-gradient":""}},"ast-content-background-meta":{"desktop":{"background-color":"var(--ast-global-color-5)","background-image":"","background-repeat":"repeat","background-position":"center center","background-size":"auto","background-attachment":"scroll","background-type":"","background-media":"","overlay-type":"","overlay-color":"","overlay-opacity":"","overlay-gradient":""},"tablet":{"background-color":"var(--ast-global-color-5)","background-image":"","background-repeat":"repeat","background-position":"center center","background-size":"auto","background-attachment":"scroll","background-type":"","background-media":"","overlay-type":"","overlay-color":"","overlay-opacity":"","overlay-gradient":""},"mobile":{"background-color":"var(--ast-global-color-5)","background-image":"","background-repeat":"repeat","background-position":"center center","background-size":"auto","background-attachment":"scroll","background-type":"","background-media":"","overlay-type":"","overlay-color":"","overlay-opacity":"","overlay-gradient":""}},"_glsr_average":0,"_glsr_ranking":0,"_glsr_reviews":0,"footnotes":""},"class_list":["post-2301","page","type-page","status-publish","hentry"],"uagb_featured_image_src":{"full":false,"thumbnail":false,"medium":false,"medium_large":false,"large":false,"1536x1536":false,"2048x2048":false,"trp-custom-language-flag":false},"uagb_author_info":{"display_name":"admin","author_link":"https:\/\/vbjewellery.cz\/en\/author\/admin\/"},"uagb_comment_info":0,"uagb_excerpt":"Povinnosti kupuj\u00edc\u00edho \u2022 Po p\u0159ed\u00e1n\u00ed zbo\u017e\u00ed je kupuj\u00edc\u00ed povinen p\u0159evz\u00edt a zaplatit pen\u00edze za objednan\u00e9 zbo\u017e\u00ed. \u2022 Objednan\u00e9 zbo\u017e\u00ed p\u0159i p\u0159evzet\u00ed mus\u00edte zkontrolovat a v p\u0159\u00edpad\u011b z\u00e1vad n\u00e1s zkontaktujte p\u0159i p\u0159evzet\u00ed zbo\u017e\u00ed. Prod\u00e1vaj\u00edc\u00ed nenese odpov\u011bdnost za \u0161kody zp\u016fsoben\u00e9 nespr\u00e1vn\u00fdm pou\u017eit\u00edm, ani za \u0161kody zp\u016fsoben\u00e9 nespr\u00e1vn\u00fdm zach\u00e1zen\u00edm, p\u00e9\u010d\u00ed a d\u016fsledky t\u011bchto \u0161kod.\u00a0 \u00a0 St\u0159\u00edbrn\u00e9 \u0161perky jsou&hellip;","_links":{"self":[{"href":"https:\/\/vbjewellery.cz\/en\/wp-json\/wp\/v2\/pages\/2301","targetHints":{"allow":["GET"]}}],"collection":[{"href":"https:\/\/vbjewellery.cz\/en\/wp-json\/wp\/v2\/pages"}],"about":[{"href":"https:\/\/vbjewellery.cz\/en\/wp-json\/wp\/v2\/types\/page"}],"author":[{"embeddable":true,"href":"https:\/\/vbjewellery.cz\/en\/wp-json\/wp\/v2\/users\/1"}],"replies":[{"embeddable":true,"href":"https:\/\/vbjewellery.cz\/en\/wp-json\/wp\/v2\/comments?post=2301"}],"version-history":[{"count":4,"href":"https:\/\/vbjewellery.cz\/en\/wp-json\/wp\/v2\/pages\/2301\/revisions"}],"predecessor-version":[{"id":2305,"href":"https:\/\/vbjewellery.cz\/en\/wp-json\/wp\/v2\/pages\/2301\/revisions\/2305"}],"wp:attachment":[{"href":"https:\/\/vbjewellery.cz\/en\/wp-json\/wp\/v2\/media?parent=2301"}],"curies":[{"name":"wp","href":"https:\/\/api.w.org\/{rel}","templated":true}]}}