{"id":2281,"date":"2024-09-17T15:31:04","date_gmt":"2024-09-17T15:31:04","guid":{"rendered":"https:\/\/vbjewellery.cz\/?page_id=2281"},"modified":"2025-03-09T08:49:47","modified_gmt":"2025-03-09T08:49:47","slug":"recenze","status":"publish","type":"page","link":"https:\/\/vbjewellery.cz\/en\/recenze\/","title":{"rendered":"Reviews"},"content":{"rendered":"\t\t<div data-elementor-type=\"wp-page\" data-elementor-id=\"2281\" class=\"elementor elementor-2281\">\n\t\t\t\t<div class=\"elementor-element elementor-element-29cb61f2 e-flex e-con-boxed e-con e-parent\" data-id=\"29cb61f2\" data-element_type=\"container\" data-e-type=\"container\" id=\"Reference\" data-settings=\"{&quot;background_background&quot;:&quot;classic&quot;}\">\n\t\t\t\t\t<div class=\"e-con-inner\">\n\t\t\t\t<div class=\"elementor-element elementor-element-15aa037f elementor-widget elementor-widget-heading\" data-id=\"15aa037f\" data-element_type=\"widget\" data-e-type=\"widget\" data-widget_type=\"heading.default\">\n\t\t\t\t<div class=\"elementor-widget-container\">\n\t\t\t\t\t<h4 class=\"elementor-heading-title elementor-size-default\">REFERENCE<\/h4>\t\t\t\t<\/div>\n\t\t\t\t<\/div>\n\t\t\t\t<div class=\"elementor-element elementor-element-3f974e83 elementor-widget-divider--view-line elementor-widget elementor-widget-divider\" data-id=\"3f974e83\" data-element_type=\"widget\" data-e-type=\"widget\" data-widget_type=\"divider.default\">\n\t\t\t\t<div class=\"elementor-widget-container\">\n\t\t\t\t\t\t\t<div class=\"elementor-divider\">\n\t\t\t<span class=\"elementor-divider-separator\">\n\t\t\t\t\t\t<\/span>\n\t\t<\/div>\n\t\t\t\t\t\t<\/div>\n\t\t\t\t<\/div>\n\t\t\t\t\t<\/div>\n\t\t\t\t<\/div>\n\t\t<div class=\"elementor-element elementor-element-561a8c8 e-flex e-con-boxed e-con e-parent\" data-id=\"561a8c8\" data-element_type=\"container\" data-e-type=\"container\" data-settings=\"{&quot;background_background&quot;:&quot;classic&quot;}\">\n\t\t\t\t\t<div class=\"e-con-inner\">\n\t\t\t\t<div class=\"elementor-element elementor-element-563ce30 elementor-button-align-stretch has-rating-color elementor-widget elementor-widget-site_reviews_form\" data-id=\"563ce30\" data-element_type=\"widget\" data-e-type=\"widget\" data-widget_type=\"site_reviews_form.default\">\n\t\t\t\t<div class=\"elementor-widget-container\">\n\t\t\t\t\t<?xml encoding=\"utf-8\"?><div class=\"glsr-elementor-563ce30 elementor-site-reviews-form\"><div class=\"glsr glsr-default\" id=\"glsr_mjzop3dl\" data-from=\"elementor\" data-shortcode=\"site_reviews_form\" data-hide=\"title,terms\"><div class=\"glsr-form-wrap\">\n    <form class=\"glsr-form glsr-review-form\" method=\"post\" enctype=\"multipart\/form-data\">\n        <input type=\"hidden\" name=\"site-reviews[_action]\" value=\"submit-review\">\n<input type=\"hidden\" name=\"site-reviews[_nonce]\" value=\"ffdf4bc5a1\">\n<input type=\"hidden\" name=\"site-reviews[_post_id]\" value=\"2281\">\n<input type=\"hidden\" name=\"site-reviews[_referer]\" value=\"\">\n<input type=\"hidden\" name=\"site-reviews[assigned_posts]\" value=\"\">\n<input type=\"hidden\" name=\"site-reviews[assigned_terms]\" value=\"\">\n<input type=\"hidden\" name=\"site-reviews[assigned_users]\" value=\"\">\n<input type=\"hidden\" name=\"site-reviews[excluded]\" value=\"title, terms\">\n<input type=\"hidden\" name=\"site-reviews[form_id]\" value=\"glsr_mjzop3dl\">\n<input type=\"hidden\" name=\"site-reviews[form_signature]\" value=\"okV_5FmS3L2e3blZPHtiTbZatJ5IS1IRRrHu0LvDw_HHzSd_leEf4yh6b-le1JlwvWmW_A3sLVBivGy7EzBUIuwzqVhKUQD--pejDRKtDhR2g5pzVLkzPtI-vla6bigcPWGyMGxRE91B87OhpqNmj76idcc5EXLzLko-sWmpd15H0WfpYvrDU2DIgwVb4haHhyIvgKT7PSeRKHwQktjzlyYNyIohkeoOr0ygCm1Dd99fCChUtOV4PIWdKF7YVF44Hs_NJoDe2v-n0d0P6Hc38D1NEqHql9wjB9sdOmeJUmtu5DKKj7gGu4wmwdAXruBd_hKrxHwXu2dHNqeRbXEKYzNBfkWKpU5TPAxgn0Wj2lkhS9t2HFPh8reBlFcTxTjH_ptpY6TZFQdMG8bt_ayo-EQqodTACCbJ2V5g6OfTpRpnt8M5TlGIknJkJCuwpjf0djAK_lEZUQt3\">\n<input type=\"hidden\" name=\"site-reviews[terms_exist]\" value=\"0\">\n<div class=\"glsr-field\" style=\"display:none;\"><label for=\"site-reviews-77a3dd41-glsr_mjzop3dl\">Your review<\/label><input type=\"text\" class=\"glsr-input glsr-input-text\" id=\"site-reviews-77a3dd41-glsr_mjzop3dl\" name=\"site-reviews[77a3dd41]\" value=\"\"><\/div>\n<div class=\"glsr-field glsr-field-rating glsr-required\" data-field=\"rating\" data-type=\"rating\">\n    <label class=\"glsr-label\" for=\"glsr_mjzop3dl-rating\">\n    <span>Your overall rating<\/span>\n<\/label>\n    <select class=\"browser-default disable-select glsr-select no-wrap no_wrap\" id=\"glsr_mjzop3dl-rating\" name=\"site-reviews[rating]\" required><option value=\"\">Select a Rating<\/option><option value=\"5\">5 Stars<\/option><option value=\"4\">4 Stars<\/option><option value=\"3\">3 Stars<\/option><option value=\"2\">2 Stars<\/option><option value=\"1\">1 Star<\/option><\/select>\n    <div class=\"glsr-field-error\"><\/div>\n<\/div>\n<div class=\"glsr-field glsr-field-textarea glsr-required\" data-field=\"content\" data-type=\"textarea\">\n    <label class=\"glsr-label\" for=\"glsr_mjzop3dl-content\">\n    <span>Your review<\/span>\n<\/label>\n    <textarea class=\"glsr-textarea\" id=\"glsr_mjzop3dl-content\" name=\"site-reviews[content]\" required placeholder=\"Tell people your review\" rows=\"5\"><\/textarea>\n    <div class=\"glsr-field-error\"><\/div>\n<\/div>\n<div class=\"glsr-field glsr-field-text glsr-required\" data-field=\"name\" data-type=\"text\">\n    <label class=\"glsr-label\" for=\"glsr_mjzop3dl-name\">\n    <span>Your name<\/span>\n<\/label>\n    <input type=\"text\" class=\"glsr-input glsr-input-text\" id=\"glsr_mjzop3dl-name\" name=\"site-reviews[name]\" required placeholder=\"Tell us your name\" value=\"\">\n    <div class=\"glsr-field-error\"><\/div>\n<\/div>\n<div class=\"glsr-field glsr-field-email glsr-required\" data-field=\"email\" data-type=\"email\">\n    <label class=\"glsr-label\" for=\"glsr_mjzop3dl-email\">\n    <span>Your email<\/span>\n<\/label>\n    <input type=\"email\" class=\"glsr-input glsr-input-email\" id=\"glsr_mjzop3dl-email\" name=\"site-reviews[email]\" required placeholder=\"Tell us your email\" value=\"\">\n    <div class=\"glsr-field-error\"><\/div>\n<\/div>\n        <div class=\"glsr-form-message\">\n    \n<\/div>\n        <div data-field=\"submit-button\">\n    <div class=\"wp-block-buttons is-layout-flex\">\n        <div class=\"wp-block-button\">\n            <button type=\"submit\" class=\"glsr-button wp-block-button__link wp-element-button\" aria-busy=\"false\" data-loading=\"Submitting, please wait...\">Submit Review<\/button>\n        <\/div>\n    <\/div>\n<\/div>\n    <\/form>\n<\/div><\/div><\/div>\n\t\t\t\t<\/div>\n\t\t\t\t<\/div>\n\t\t\t\t\t<\/div>\n\t\t\t\t<\/div>\n\t\t<div class=\"elementor-element elementor-element-42939ff e-flex e-con-boxed e-con e-parent\" data-id=\"42939ff\" data-element_type=\"container\" data-e-type=\"container\">\n\t\t\t\t\t<div class=\"e-con-inner\">\n\t\t\t\t<div class=\"elementor-element elementor-element-6b2c20a has-text-align-left elementor-button-align-stretch elementor-widget elementor-widget-site_reviews\" data-id=\"6b2c20a\" data-element_type=\"widget\" data-e-type=\"widget\" data-widget_type=\"site_reviews.default\">\n\t\t\t\t<div class=\"elementor-widget-container\">\n\t\t\t\t\t<?xml encoding=\"utf-8\"?><div class=\"glsr-elementor-6b2c20a elementor-site-reviews\"><div class=\"glsr glsr-default\" id=\"glsr_aubh0uva\" data-from=\"elementor\" data-shortcode=\"site_reviews\" data-display=\"10\" data-hide=\"title\"><div class=\"glsr-reviews-wrap\">\n    <div class=\"glsr-reviews\">\n        <div class=\"glsr-review\" data-id=\"2536\" data-type=\"local\" id=\"review-2536\" data-assigned=\"[]\">\n    \n    <div class=\"glsr-review-rating\"><div class=\"glsr-star-rating glsr-stars\" role=\"img\" aria-label=\"Rated 5 out of 5 stars\" data-rating=\"5\" data-reviews=\"0\"><span class=\"glsr-star glsr-star-full\" aria-hidden=\"true\"><\/span><span class=\"glsr-star glsr-star-full\" aria-hidden=\"true\"><\/span><span class=\"glsr-star glsr-star-full\" aria-hidden=\"true\"><\/span><span class=\"glsr-star glsr-star-full\" aria-hidden=\"true\"><\/span><span class=\"glsr-star glsr-star-full\" aria-hidden=\"true\"><\/span><\/div><\/div> <div class=\"glsr-review-date\"><span class=\"glsr-tag-value\">August 9, 2024<\/span><\/div>\n    \n    <div class=\"glsr-review-content\"><div class=\"glsr-tag-value\" data-expanded=\"false\"><p>Fantastick&yacute; t&yacute;m a spole&#269;nost.. velmi n&aacute;pomocn&yacute;, profesion&aacute;ln&iacute;, p&#345;&aacute;telsk&yacute; a zku&scaron;en&yacute;.<\/p>\n<p>U&#382; se nem&#367;&#382;eme do&#269;kat dal&scaron;&iacute; spolupr&aacute;ce<\/p><\/div><\/div>\n    \n    <div class=\"glsr-review-author\"><span class=\"glsr-tag-value\">Iveta Zatloukalov&aacute;<\/span><\/div>  \n    \n<\/div>\n<div class=\"glsr-review\" data-id=\"2535\" data-type=\"local\" id=\"review-2535\" data-assigned=\"[]\">\n    \n    <div class=\"glsr-review-rating\"><div class=\"glsr-star-rating glsr-stars\" role=\"img\" aria-label=\"Rated 5 out of 5 stars\" data-rating=\"5\" data-reviews=\"0\"><span class=\"glsr-star glsr-star-full\" aria-hidden=\"true\"><\/span><span class=\"glsr-star glsr-star-full\" aria-hidden=\"true\"><\/span><span class=\"glsr-star glsr-star-full\" aria-hidden=\"true\"><\/span><span class=\"glsr-star glsr-star-full\" aria-hidden=\"true\"><\/span><span class=\"glsr-star glsr-star-full\" aria-hidden=\"true\"><\/span><\/div><\/div> <div class=\"glsr-review-date\"><span class=\"glsr-tag-value\">August 6, 2024<\/span><\/div>\n    \n    <div class=\"glsr-review-content\"><div class=\"glsr-tag-value\" data-expanded=\"false\"><p class=\"glsr-hidden-text\" data-show-less=\"M&eacute;n&#283;\" data-show-more=\"V&iacute;ce\" data-trigger=\"expand\">S n&aacute;kupem jsme byli velmi spokojeni. Maj&iacute; skv&#283;l&eacute; ceny, skv&#283;l&eacute; dod&aacute;n&iacute; a spolupr&aacute;ce s nimi byla v&yacute;born&aacute;. Komunikace byla rychl&aacute; a efektivn&iacute;, co&#382; zna&#269;n&#283; usnadnilo cel&yacute; proces objedn&aacute;vky. &Scaron;perky jsou kr&aacute;sn&#283; zpracovan&eacute; a kvalitn&iacute;, co&#382; oce&#328;uj&iacute; nejen na&scaron;i z&aacute;kazn&iacute;ci, ale i my. Oce&#328;ujeme tak&eacute; jejich flexibilitu a ochotu p&#345;izp&#367;sobit se na&scaron;im po&#382;adavk&#367;m. Doporu&#269;uji v&scaron;em, kte&#345;&iacute;<span class=\"glsr-hidden\"> hledaj&iacute; kvalitn&iacute; st&#345;&iacute;brn&eacute; a ocelov&eacute; &scaron;perky za bezkonkuren&#269;n&iacute; ceny!<\/span><\/p><\/div><\/div>\n    \n    <div class=\"glsr-review-author\"><span class=\"glsr-tag-value\">Marek Svoboda<\/span><\/div>  \n    \n<\/div>\n    <\/div>\n    \n<\/div><\/div><\/div>\n\t\t\t\t<\/div>\n\t\t\t\t<\/div>\n\t\t\t\t\t<\/div>\n\t\t\t\t<\/div>\n\t\t\t\t<\/div>\n\t\t","protected":false},"excerpt":{"rendered":"<p>REFERENCE Your review Your overall rating Select a Rating5 Stars4 Stars3 Stars2 Stars1 Star Your review Your name Your email Submit Review 9 srpna, 2024 Fantastick\u00fd t\u00fdm a spole\u010dnost.. velmi n\u00e1pomocn\u00fd, profesion\u00e1ln\u00ed, p\u0159\u00e1telsk\u00fd a zku\u0161en\u00fd. U\u017e se nem\u016f\u017eeme do\u010dkat dal\u0161\u00ed spolupr\u00e1ce Iveta Zatloukalov\u00e1 6 srpna, 2024 S n\u00e1kupem jsme byli velmi spokojeni. Maj\u00ed skv\u011bl\u00e9 ceny, [&hellip;]<\/p>\n","protected":false},"author":1,"featured_media":0,"parent":0,"menu_order":0,"comment_status":"closed","ping_status":"closed","template":"","meta":{"_uag_custom_page_level_css":"","site-sidebar-layout":"no-sidebar","site-content-layout":"page-builder","ast-site-content-layout":"full-width-container","site-content-style":"default","site-sidebar-style":"default","ast-global-header-display":"","ast-banner-title-visibility":"","ast-main-header-display":"","ast-hfb-above-header-display":"","ast-hfb-below-header-display":"","ast-hfb-mobile-header-display":"","site-post-title":"disabled","ast-breadcrumbs-content":"","ast-featured-img":"disabled","footer-sml-layout":"","ast-disable-related-posts":"","theme-transparent-header-meta":"","adv-header-id-meta":"","stick-header-meta":"","header-above-stick-meta":"","header-main-stick-meta":"","header-below-stick-meta":"","astra-migrate-meta-layouts":"set","ast-page-background-enabled":"default","ast-page-background-meta":{"desktop":{"background-color":"var(--ast-global-color-4)","background-image":"","background-repeat":"repeat","background-position":"center center","background-size":"auto","background-attachment":"scroll","background-type":"","background-media":"","overlay-type":"","overlay-color":"","overlay-opacity":"","overlay-gradient":""},"tablet":{"background-color":"","background-image":"","background-repeat":"repeat","background-position":"center center","background-size":"auto","background-attachment":"scroll","background-type":"","background-media":"","overlay-type":"","overlay-color":"","overlay-opacity":"","overlay-gradient":""},"mobile":{"background-color":"","background-image":"","background-repeat":"repeat","background-position":"center center","background-size":"auto","background-attachment":"scroll","background-type":"","background-media":"","overlay-type":"","overlay-color":"","overlay-opacity":"","overlay-gradient":""}},"ast-content-background-meta":{"desktop":{"background-color":"var(--ast-global-color-5)","background-image":"","background-repeat":"repeat","background-position":"center center","background-size":"auto","background-attachment":"scroll","background-type":"","background-media":"","overlay-type":"","overlay-color":"","overlay-opacity":"","overlay-gradient":""},"tablet":{"background-color":"var(--ast-global-color-5)","background-image":"","background-repeat":"repeat","background-position":"center center","background-size":"auto","background-attachment":"scroll","background-type":"","background-media":"","overlay-type":"","overlay-color":"","overlay-opacity":"","overlay-gradient":""},"mobile":{"background-color":"var(--ast-global-color-5)","background-image":"","background-repeat":"repeat","background-position":"center center","background-size":"auto","background-attachment":"scroll","background-type":"","background-media":"","overlay-type":"","overlay-color":"","overlay-opacity":"","overlay-gradient":""}},"_glsr_average":0,"_glsr_ranking":0,"_glsr_reviews":0,"footnotes":""},"class_list":["post-2281","page","type-page","status-publish","hentry"],"uagb_featured_image_src":{"full":false,"thumbnail":false,"medium":false,"medium_large":false,"large":false,"1536x1536":false,"2048x2048":false,"trp-custom-language-flag":false},"uagb_author_info":{"display_name":"admin","author_link":"https:\/\/vbjewellery.cz\/en\/author\/admin\/"},"uagb_comment_info":0,"uagb_excerpt":"REFERENCE Your review Your overall rating Select a Rating5 Stars4 Stars3 Stars2 Stars1 Star Your review Your name Your email Submit Review 9 srpna, 2024 Fantastick\u00fd t\u00fdm a spole\u010dnost.. velmi n\u00e1pomocn\u00fd, profesion\u00e1ln\u00ed, p\u0159\u00e1telsk\u00fd a zku\u0161en\u00fd. U\u017e se nem\u016f\u017eeme do\u010dkat dal\u0161\u00ed spolupr\u00e1ce Iveta Zatloukalov\u00e1 6 srpna, 2024 S n\u00e1kupem jsme byli velmi spokojeni. Maj\u00ed skv\u011bl\u00e9 ceny,&hellip;","_links":{"self":[{"href":"https:\/\/vbjewellery.cz\/en\/wp-json\/wp\/v2\/pages\/2281","targetHints":{"allow":["GET"]}}],"collection":[{"href":"https:\/\/vbjewellery.cz\/en\/wp-json\/wp\/v2\/pages"}],"about":[{"href":"https:\/\/vbjewellery.cz\/en\/wp-json\/wp\/v2\/types\/page"}],"author":[{"embeddable":true,"href":"https:\/\/vbjewellery.cz\/en\/wp-json\/wp\/v2\/users\/1"}],"replies":[{"embeddable":true,"href":"https:\/\/vbjewellery.cz\/en\/wp-json\/wp\/v2\/comments?post=2281"}],"version-history":[{"count":25,"href":"https:\/\/vbjewellery.cz\/en\/wp-json\/wp\/v2\/pages\/2281\/revisions"}],"predecessor-version":[{"id":2617,"href":"https:\/\/vbjewellery.cz\/en\/wp-json\/wp\/v2\/pages\/2281\/revisions\/2617"}],"wp:attachment":[{"href":"https:\/\/vbjewellery.cz\/en\/wp-json\/wp\/v2\/media?parent=2281"}],"curies":[{"name":"wp","href":"https:\/\/api.w.org\/{rel}","templated":true}]}}