{"id":2242,"date":"2024-09-17T15:21:18","date_gmt":"2024-09-17T15:21:18","guid":{"rendered":"https:\/\/vbjewellery.cz\/?page_id=2242"},"modified":"2025-05-17T18:10:35","modified_gmt":"2025-05-17T18:10:35","slug":"rhodiovanestribro","status":"publish","type":"page","link":"https:\/\/vbjewellery.cz\/en\/rhodiovanestribro\/","title":{"rendered":"Rhodium silver"},"content":{"rendered":"<div data-elementor-type=\"wp-page\" data-elementor-id=\"2242\" class=\"elementor elementor-2242\">\n\t\t\t\t<div class=\"elementor-element elementor-element-358a8833 e-con-full e-flex e-con e-parent\" data-id=\"358a8833\" data-element_type=\"container\" data-e-type=\"container\" data-settings=\"{&quot;background_background&quot;:&quot;video&quot;,&quot;background_video_link&quot;:&quot;https:\\\/\\\/vbjewellery.cz\\\/wp-content\\\/uploads\\\/2025\\\/05\\\/vecteezy_diamond-rings-made-of-platinum-gold-decorated-with-many_7010367.mov&quot;,&quot;background_video_start&quot;:15,&quot;background_play_on_mobile&quot;:&quot;yes&quot;,&quot;background_video_end&quot;:50}\">\n\t\t<div class=\"elementor-background-video-container\">\n\t\t\t\t\t\t\t<video class=\"elementor-background-video-hosted\" role=\"presentation\" autoplay muted playsinline loop><\/video>\n\t\t\t\t\t<\/div><div class=\"elementor-element elementor-element-310e741f e-flex e-con-boxed e-con e-child\" data-id=\"310e741f\" data-element_type=\"container\" data-e-type=\"container\">\n\t\t\t\t\t<div class=\"e-con-inner\">\n\t\t\t\t<div class=\"elementor-element elementor-element-166dd7ab elementor-widget elementor-widget-heading\" data-id=\"166dd7ab\" data-element_type=\"widget\" data-e-type=\"widget\" data-widget_type=\"heading.default\">\n\t\t\t\t<div class=\"elementor-widget-container\">\n\t\t\t\t\t<h1 class=\"elementor-heading-title elementor-size-default\">Rhodium silver<\/h1>\t\t\t\t<\/div>\n\t\t\t\t<\/div>\n\t\t\t\t\t<\/div>\n\t\t\t\t<\/div>\n\t\t\t\t<\/div>\n\t\t<div class=\"elementor-element elementor-element-6a4d7ffe elementor-hidden-mobile e-flex e-con-boxed e-con e-parent\" data-id=\"6a4d7ffe\" data-element_type=\"container\" data-e-type=\"container\" data-settings=\"{&quot;background_background&quot;:&quot;classic&quot;}\">\n\t\t\t\t\t<div class=\"e-con-inner\">\n\t\t<div class=\"elementor-element elementor-element-44127ed9 e-con-full e-flex e-con e-child\" data-id=\"44127ed9\" data-element_type=\"container\" data-e-type=\"container\">\n\t\t\t\t<div class=\"elementor-element elementor-element-2b47c78a elementor-widget elementor-widget-heading\" data-id=\"2b47c78a\" data-element_type=\"widget\" data-e-type=\"widget\" data-widget_type=\"heading.default\">\n\t\t\t\t<div class=\"elementor-widget-container\">\n\t\t\t\t\t<h1 class=\"elementor-heading-title elementor-size-default\">Rhodium silver<\/h1>\t\t\t\t<\/div>\n\t\t\t\t<\/div>\n\t\t\t\t<div class=\"elementor-element elementor-element-6614fdfd elementor-widget elementor-widget-text-editor\" data-id=\"6614fdfd\" data-element_type=\"widget\" data-e-type=\"widget\" data-widget_type=\"text-editor.default\">\n\t\t\t\t<div class=\"elementor-widget-container\">\n\t\t\t\t\t\t\t\t\t<p>Rhodium plating is an antioxidative surface treatment - silver turns black and loses its luster when exposed to air. Silver rhodium plating is a technological procedure (plating) that serves to protect silver from blackening, yellowing and loss of luster. Because this treatment is nickel, it is also suitable for allergy sufferers.<\/p>\n<p><br><\/p><p>This technique is also used for plating gold - this is how white gold is created. Since rhodium is one of the most expensive metals, the resulting price of silver jewelry is higher than that of ordinary silver jewelry without rhodium protection.<\/p>\t\t\t\t\t\t\t\t<\/div>\n\t\t\t\t<\/div>\n\t\t\t\t<\/div>\n\t\t\t\t\t<\/div>\n\t\t\t\t<\/div>\n\t\t<div class=\"elementor-element elementor-element-35ac0c67 elementor-hidden-desktop elementor-hidden-tablet e-flex e-con-boxed e-con e-parent\" data-id=\"35ac0c67\" data-element_type=\"container\" data-e-type=\"container\">\n\t\t\t\t\t<div class=\"e-con-inner\">\n\t\t\t\t<div class=\"elementor-element elementor-element-5b200bf1 elementor-widget elementor-widget-heading\" data-id=\"5b200bf1\" data-element_type=\"widget\" data-e-type=\"widget\" data-widget_type=\"heading.default\">\n\t\t\t\t<div class=\"elementor-widget-container\">\n\t\t\t\t\t<h1 class=\"elementor-heading-title elementor-size-default\">Rhodium silver<\/h1>\t\t\t\t<\/div>\n\t\t\t\t<\/div>\n\t\t\t\t<div class=\"elementor-element elementor-element-77ca5988 elementor-widget elementor-widget-text-editor\" data-id=\"77ca5988\" data-element_type=\"widget\" data-e-type=\"widget\" data-widget_type=\"text-editor.default\">\n\t\t\t\t<div class=\"elementor-widget-container\">\n\t\t\t\t\t\t\t\t\t<p>Rhodium plating is an antioxidative surface treatment - silver turns black and loses its luster when exposed to air. Silver rhodium plating is a technological procedure (plating) that serves to protect silver from blackening, yellowing and loss of luster. Because this treatment is nickel, it is also suitable for allergy sufferers.<\/p><p>\u00a0<\/p><p>This technique is also used for plating gold - this is how white gold is created. Since rhodium is one of the most expensive metals, the resulting price of silver jewelry is higher than that of ordinary silver jewelry without rhodium protection.<\/p>\t\t\t\t\t\t\t\t<\/div>\n\t\t\t\t<\/div>\n\t\t\t\t\t<\/div>\n\t\t\t\t<\/div>\n\t\t<div class=\"elementor-element elementor-element-3f4c59c3 elementor-hidden-tablet elementor-hidden-mobile e-flex e-con-boxed e-con e-parent\" data-id=\"3f4c59c3\" data-element_type=\"container\" data-e-type=\"container\" data-settings=\"{&quot;background_background&quot;:&quot;classic&quot;}\">\n\t\t\t\t\t<div class=\"e-con-inner\">\n\t\t<div class=\"elementor-element elementor-element-4ef7b98c e-con-full e-flex e-con e-child\" data-id=\"4ef7b98c\" data-element_type=\"container\" data-e-type=\"container\" data-settings=\"{&quot;background_background&quot;:&quot;classic&quot;}\">\n\t\t\t\t<div class=\"elementor-element elementor-element-61dc3931 elementor-widget__width-initial elementor-widget elementor-widget-heading\" data-id=\"61dc3931\" data-element_type=\"widget\" data-e-type=\"widget\" data-widget_type=\"heading.default\">\n\t\t\t\t<div class=\"elementor-widget-container\">\n\t\t\t\t\t<h2 class=\"elementor-heading-title elementor-size-default\">Proper care<\/h2>\t\t\t\t<\/div>\n\t\t\t\t<\/div>\n\t\t\t\t<div class=\"elementor-element elementor-element-3194de0d elementor-widget__width-initial elementor-widget elementor-widget-text-editor\" data-id=\"3194de0d\" data-element_type=\"widget\" data-e-type=\"widget\" data-widget_type=\"text-editor.default\">\n\t\t\t\t<div class=\"elementor-widget-container\">\n\t\t\t\t\t\t\t\t\t<p>Despite this protection, we recommend that you take off your jewelry when swimming, especially in sea water, and protect it from the negative effects of salt water. These are mainly earrings and rings. This way, our silver jewelry will stay beautiful and shiny for a long time.<\/p><p>To explore our steel jewelry and its quality, contact us at any time.<\/p><p>\u00a0<\/p><p>We are here for You<\/p>\t\t\t\t\t\t\t\t<\/div>\n\t\t\t\t<\/div>\n\t\t\t\t<\/div>\n\t\t\t\t\t<\/div>\n\t\t\t\t<\/div>\n\t\t<div class=\"elementor-element elementor-element-44ca15f7 elementor-hidden-desktop e-flex e-con-boxed e-con e-parent\" data-id=\"44ca15f7\" data-element_type=\"container\" data-e-type=\"container\">\n\t\t\t\t\t<div class=\"e-con-inner\">\n\t\t\t\t<div class=\"elementor-element elementor-element-2bf40c5c elementor-widget elementor-widget-heading\" data-id=\"2bf40c5c\" data-element_type=\"widget\" data-e-type=\"widget\" data-widget_type=\"heading.default\">\n\t\t\t\t<div class=\"elementor-widget-container\">\n\t\t\t\t\t<h1 class=\"elementor-heading-title elementor-size-default\">Proper care<\/h1>\t\t\t\t<\/div>\n\t\t\t\t<\/div>\n\t\t\t\t<div class=\"elementor-element elementor-element-42765ab8 elementor-widget elementor-widget-text-editor\" data-id=\"42765ab8\" data-element_type=\"widget\" data-e-type=\"widget\" data-widget_type=\"text-editor.default\">\n\t\t\t\t<div class=\"elementor-widget-container\">\n\t\t\t\t\t\t\t\t\t<p>Despite this protection, we recommend that you take off your jewelry when swimming, especially in sea water, and protect it from the negative effects of salt water. These are mainly earrings and rings. This way, our silver jewelry will stay beautiful and shiny for a long time.<\/p><p>To explore our steel jewelry and its quality, contact us at any time.<\/p><p>\u00a0<\/p><p>We are here for You<\/p>\t\t\t\t\t\t\t\t<\/div>\n\t\t\t\t<\/div>\n\t\t\t\t\t<\/div>\n\t\t\t\t<\/div>\n\t\t<div class=\"elementor-element elementor-element-5802972f elementor-hidden-desktop e-flex e-con-boxed e-con e-parent\" data-id=\"5802972f\" data-element_type=\"container\" data-e-type=\"container\" data-settings=\"{&quot;background_background&quot;:&quot;classic&quot;}\">\n\t\t\t\t\t<div class=\"e-con-inner\">\n\t\t\t\t\t<\/div>\n\t\t\t\t<\/div>\n\t\t\t\t<\/div>","protected":false},"excerpt":{"rendered":"<p>Rhodiovan\u00e9 st\u0159\u00edbro Rhodiovan\u00e9 st\u0159\u00edbro Rhodiov\u00e1n\u00ed je antioxida\u010dn\u00ed povrchov\u00e1 \u00faprava, kter\u00e1 zabra\u0148uje barevn\u00fdm zm\u011bn\u00e1m st\u0159\u00edbrn\u00fdch \u0161perk\u016f. Jedn\u00e1 se o technologick\u00fd postup, p\u0159i kter\u00e9m se na povrch st\u0159\u00edbra nan\u00e1\u0161\u00ed vrstva rhodia, co\u017e chr\u00e1n\u00ed st\u0159\u00edbro p\u0159ed \u010dern\u00e1n\u00edm, \u017eloutnut\u00edm a ztr\u00e1tou lesku. D\u00edky tomu, \u017ee tato \u00faprava neobsahuje nikl, je vhodn\u00e1 i pro alergiky. Rhodiov\u00e1n\u00ed se pou\u017e\u00edv\u00e1 tak\u00e9 pro [&hellip;]<\/p>\n","protected":false},"author":1,"featured_media":0,"parent":0,"menu_order":0,"comment_status":"closed","ping_status":"closed","template":"","meta":{"_uag_custom_page_level_css":"","site-sidebar-layout":"no-sidebar","site-content-layout":"page-builder","ast-site-content-layout":"full-width-container","site-content-style":"default","site-sidebar-style":"default","ast-global-header-display":"","ast-banner-title-visibility":"","ast-main-header-display":"","ast-hfb-above-header-display":"","ast-hfb-below-header-display":"","ast-hfb-mobile-header-display":"","site-post-title":"disabled","ast-breadcrumbs-content":"","ast-featured-img":"disabled","footer-sml-layout":"","ast-disable-related-posts":"","theme-transparent-header-meta":"","adv-header-id-meta":"","stick-header-meta":"","header-above-stick-meta":"","header-main-stick-meta":"","header-below-stick-meta":"","astra-migrate-meta-layouts":"set","ast-page-background-enabled":"default","ast-page-background-meta":{"desktop":{"background-color":"var(--ast-global-color-4)","background-image":"","background-repeat":"repeat","background-position":"center center","background-size":"auto","background-attachment":"scroll","background-type":"","background-media":"","overlay-type":"","overlay-color":"","overlay-opacity":"","overlay-gradient":""},"tablet":{"background-color":"","background-image":"","background-repeat":"repeat","background-position":"center center","background-size":"auto","background-attachment":"scroll","background-type":"","background-media":"","overlay-type":"","overlay-color":"","overlay-opacity":"","overlay-gradient":""},"mobile":{"background-color":"","background-image":"","background-repeat":"repeat","background-position":"center center","background-size":"auto","background-attachment":"scroll","background-type":"","background-media":"","overlay-type":"","overlay-color":"","overlay-opacity":"","overlay-gradient":""}},"ast-content-background-meta":{"desktop":{"background-color":"var(--ast-global-color-5)","background-image":"","background-repeat":"repeat","background-position":"center center","background-size":"auto","background-attachment":"scroll","background-type":"","background-media":"","overlay-type":"","overlay-color":"","overlay-opacity":"","overlay-gradient":""},"tablet":{"background-color":"var(--ast-global-color-5)","background-image":"","background-repeat":"repeat","background-position":"center center","background-size":"auto","background-attachment":"scroll","background-type":"","background-media":"","overlay-type":"","overlay-color":"","overlay-opacity":"","overlay-gradient":""},"mobile":{"background-color":"var(--ast-global-color-5)","background-image":"","background-repeat":"repeat","background-position":"center center","background-size":"auto","background-attachment":"scroll","background-type":"","background-media":"","overlay-type":"","overlay-color":"","overlay-opacity":"","overlay-gradient":""}},"_glsr_average":0,"_glsr_ranking":0,"_glsr_reviews":0,"footnotes":""},"class_list":["post-2242","page","type-page","status-publish","hentry"],"uagb_featured_image_src":{"full":false,"thumbnail":false,"medium":false,"medium_large":false,"large":false,"1536x1536":false,"2048x2048":false,"trp-custom-language-flag":false},"uagb_author_info":{"display_name":"admin","author_link":"https:\/\/vbjewellery.cz\/en\/author\/admin\/"},"uagb_comment_info":0,"uagb_excerpt":"Rhodiovan\u00e9 st\u0159\u00edbro Rhodiovan\u00e9 st\u0159\u00edbro Rhodiov\u00e1n\u00ed je antioxida\u010dn\u00ed povrchov\u00e1 \u00faprava, kter\u00e1 zabra\u0148uje barevn\u00fdm zm\u011bn\u00e1m st\u0159\u00edbrn\u00fdch \u0161perk\u016f. Jedn\u00e1 se o technologick\u00fd postup, p\u0159i kter\u00e9m se na povrch st\u0159\u00edbra nan\u00e1\u0161\u00ed vrstva rhodia, co\u017e chr\u00e1n\u00ed st\u0159\u00edbro p\u0159ed \u010dern\u00e1n\u00edm, \u017eloutnut\u00edm a ztr\u00e1tou lesku. D\u00edky tomu, \u017ee tato \u00faprava neobsahuje nikl, je vhodn\u00e1 i pro alergiky. Rhodiov\u00e1n\u00ed se pou\u017e\u00edv\u00e1 tak\u00e9 pro&hellip;","_links":{"self":[{"href":"https:\/\/vbjewellery.cz\/en\/wp-json\/wp\/v2\/pages\/2242","targetHints":{"allow":["GET"]}}],"collection":[{"href":"https:\/\/vbjewellery.cz\/en\/wp-json\/wp\/v2\/pages"}],"about":[{"href":"https:\/\/vbjewellery.cz\/en\/wp-json\/wp\/v2\/types\/page"}],"author":[{"embeddable":true,"href":"https:\/\/vbjewellery.cz\/en\/wp-json\/wp\/v2\/users\/1"}],"replies":[{"embeddable":true,"href":"https:\/\/vbjewellery.cz\/en\/wp-json\/wp\/v2\/comments?post=2242"}],"version-history":[{"count":52,"href":"https:\/\/vbjewellery.cz\/en\/wp-json\/wp\/v2\/pages\/2242\/revisions"}],"predecessor-version":[{"id":2673,"href":"https:\/\/vbjewellery.cz\/en\/wp-json\/wp\/v2\/pages\/2242\/revisions\/2673"}],"wp:attachment":[{"href":"https:\/\/vbjewellery.cz\/en\/wp-json\/wp\/v2\/media?parent=2242"}],"curies":[{"name":"wp","href":"https:\/\/api.w.org\/{rel}","templated":true}]}}