{"id":1322,"date":"2024-09-17T15:10:25","date_gmt":"2024-09-17T15:10:25","guid":{"rendered":"https:\/\/vbjewellery.cz\/home\/"},"modified":"2025-05-17T18:09:37","modified_gmt":"2025-05-17T18:09:37","slug":"uvod","status":"publish","type":"page","link":"https:\/\/vbjewellery.cz\/en\/","title":{"rendered":"Home"},"content":{"rendered":"<div data-elementor-type=\"wp-page\" data-elementor-id=\"1322\" class=\"elementor elementor-1322\">\n\t\t\t\t<div class=\"elementor-element elementor-element-6cf778fe e-con-full e-flex e-con e-parent\" data-id=\"6cf778fe\" data-element_type=\"container\" data-e-type=\"container\" data-settings=\"{&quot;background_background&quot;:&quot;video&quot;,&quot;background_video_link&quot;:&quot;https:\\\/\\\/vbjewellery.cz\\\/wp-content\\\/uploads\\\/2025\\\/05\\\/vecteezy_diamond-rings-made-of-platinum-gold-decorated-with-many_7010367.mov&quot;,&quot;background_video_start&quot;:10,&quot;background_play_on_mobile&quot;:&quot;yes&quot;,&quot;background_video_end&quot;:70}\">\n\t\t<div class=\"elementor-background-video-container\">\n\t\t\t\t\t\t\t<video class=\"elementor-background-video-hosted\" role=\"presentation\" autoplay muted playsinline loop><\/video>\n\t\t\t\t\t<\/div><div class=\"elementor-element elementor-element-53efde1d e-flex e-con-boxed e-con e-child\" data-id=\"53efde1d\" data-element_type=\"container\" data-e-type=\"container\">\n\t\t\t\t\t<div class=\"e-con-inner\">\n\t\t\t\t<div class=\"elementor-element elementor-element-6ed5b866 elementor-widget elementor-widget-heading\" data-id=\"6ed5b866\" data-element_type=\"widget\" data-e-type=\"widget\" data-widget_type=\"heading.default\">\n\t\t\t\t<div class=\"elementor-widget-container\">\n\t\t\t\t\t<h1 class=\"elementor-heading-title elementor-size-default\">Rhodium silver<\/h1>\t\t\t\t<\/div>\n\t\t\t\t<\/div>\n\t\t\t\t<div class=\"elementor-element elementor-element-1711041f elementor-align-center elementor-widget elementor-widget-button\" data-id=\"1711041f\" data-element_type=\"widget\" data-e-type=\"widget\" data-widget_type=\"button.default\">\n\t\t\t\t<div class=\"elementor-widget-container\">\n\t\t\t\t\t\t\t\t\t<div class=\"elementor-button-wrapper\">\n\t\t\t\t\t<a class=\"elementor-button elementor-button-link elementor-size-sm\" href=\"https:\/\/vbjewellery.cz\/en\/rhodiovanestribro\/\">\n\t\t\t\t\t\t<span class=\"elementor-button-content-wrapper\">\n\t\t\t\t\t\t\t\t\t<span class=\"elementor-button-text\">More informations<\/span>\n\t\t\t\t\t<\/span>\n\t\t\t\t\t<\/a>\n\t\t\t\t<\/div>\n\t\t\t\t\t\t\t\t<\/div>\n\t\t\t\t<\/div>\n\t\t\t\t\t<\/div>\n\t\t\t\t<\/div>\n\t\t\t\t<\/div>\n\t\t<div class=\"elementor-element elementor-element-6a6948eb e-con-full e-flex e-con e-parent\" data-id=\"6a6948eb\" data-element_type=\"container\" data-e-type=\"container\" data-settings=\"{&quot;background_background&quot;:&quot;video&quot;,&quot;background_video_link&quot;:&quot;https:\\\/\\\/vbjewellery.cz\\\/wp-content\\\/uploads\\\/2024\\\/11\\\/vecteezy_a-pair-of-minimalist-silver-hoop-earrings-perfect-for_45810973.mov&quot;,&quot;background_play_on_mobile&quot;:&quot;yes&quot;}\">\n\t\t<div class=\"elementor-background-video-container\">\n\t\t\t\t\t\t\t<video class=\"elementor-background-video-hosted\" role=\"presentation\" autoplay muted playsinline loop><\/video>\n\t\t\t\t\t<\/div><div class=\"elementor-element elementor-element-6d25af25 e-flex e-con-boxed e-con e-child\" data-id=\"6d25af25\" data-element_type=\"container\" data-e-type=\"container\">\n\t\t\t\t\t<div class=\"e-con-inner\">\n\t\t\t\t<div class=\"elementor-element elementor-element-6bc6e997 elementor-widget elementor-widget-heading\" data-id=\"6bc6e997\" data-element_type=\"widget\" data-e-type=\"widget\" data-widget_type=\"heading.default\">\n\t\t\t\t<div class=\"elementor-widget-container\">\n\t\t\t\t\t<h1 class=\"elementor-heading-title elementor-size-default\">STEEL JEWELLERY<\/h1>\t\t\t\t<\/div>\n\t\t\t\t<\/div>\n\t\t\t\t<div class=\"elementor-element elementor-element-3e586db8 elementor-align-center elementor-widget elementor-widget-button\" data-id=\"3e586db8\" data-element_type=\"widget\" data-e-type=\"widget\" data-widget_type=\"button.default\">\n\t\t\t\t<div class=\"elementor-widget-container\">\n\t\t\t\t\t\t\t\t\t<div class=\"elementor-button-wrapper\">\n\t\t\t\t\t<a class=\"elementor-button elementor-button-link elementor-size-sm\" href=\"https:\/\/vbjewellery.cz\/en\/ocelove-sperky\/\">\n\t\t\t\t\t\t<span class=\"elementor-button-content-wrapper\">\n\t\t\t\t\t\t\t\t\t<span class=\"elementor-button-text\">More informations<\/span>\n\t\t\t\t\t<\/span>\n\t\t\t\t\t<\/a>\n\t\t\t\t<\/div>\n\t\t\t\t\t\t\t\t<\/div>\n\t\t\t\t<\/div>\n\t\t\t\t\t<\/div>\n\t\t\t\t<\/div>\n\t\t\t\t<\/div>\n\t\t<div class=\"elementor-element elementor-element-17c96fbb e-con-full e-flex e-con e-parent\" data-id=\"17c96fbb\" data-element_type=\"container\" data-e-type=\"container\" data-settings=\"{&quot;background_background&quot;:&quot;video&quot;,&quot;background_video_link&quot;:&quot;https:\\\/\\\/vbjewellery.cz\\\/wp-content\\\/uploads\\\/2024\\\/11\\\/7626191-hd_1920_1080_25fps.mp4&quot;,&quot;background_play_on_mobile&quot;:&quot;yes&quot;}\">\n\t\t<div class=\"elementor-background-video-container\">\n\t\t\t\t\t\t\t<video class=\"elementor-background-video-hosted\" role=\"presentation\" autoplay muted playsinline loop><\/video>\n\t\t\t\t\t<\/div><div class=\"elementor-element elementor-element-7f3a30bd e-flex e-con-boxed e-con e-child\" data-id=\"7f3a30bd\" data-element_type=\"container\" data-e-type=\"container\">\n\t\t\t\t\t<div class=\"e-con-inner\">\n\t\t\t\t<div class=\"elementor-element elementor-element-18406f63 elementor-widget elementor-widget-heading\" data-id=\"18406f63\" data-element_type=\"widget\" data-e-type=\"widget\" data-widget_type=\"heading.default\">\n\t\t\t\t<div class=\"elementor-widget-container\">\n\t\t\t\t\t<h1 class=\"elementor-heading-title elementor-size-default\">Body piercing jewellery<\/h1>\t\t\t\t<\/div>\n\t\t\t\t<\/div>\n\t\t\t\t<div class=\"elementor-element elementor-element-3c24499e elementor-align-center elementor-widget elementor-widget-button\" data-id=\"3c24499e\" data-element_type=\"widget\" data-e-type=\"widget\" data-widget_type=\"button.default\">\n\t\t\t\t<div class=\"elementor-widget-container\">\n\t\t\t\t\t\t\t\t\t<div class=\"elementor-button-wrapper\">\n\t\t\t\t\t<a class=\"elementor-button elementor-button-link elementor-size-sm\" href=\"https:\/\/vbjewellery.cz\/en\/bodypiercingjewellery\/\">\n\t\t\t\t\t\t<span class=\"elementor-button-content-wrapper\">\n\t\t\t\t\t\t\t\t\t<span class=\"elementor-button-text\">More informations<\/span>\n\t\t\t\t\t<\/span>\n\t\t\t\t\t<\/a>\n\t\t\t\t<\/div>\n\t\t\t\t\t\t\t\t<\/div>\n\t\t\t\t<\/div>\n\t\t\t\t\t<\/div>\n\t\t\t\t<\/div>\n\t\t\t\t<\/div>\n\t\t<div class=\"elementor-element elementor-element-6c37ce2d e-flex e-con-boxed e-con e-parent\" data-id=\"6c37ce2d\" data-element_type=\"container\" data-e-type=\"container\">\n\t\t\t\t\t<div class=\"e-con-inner\">\n\t\t<div class=\"elementor-element elementor-element-7ce863bc e-con-full e-flex e-con e-child\" data-id=\"7ce863bc\" data-element_type=\"container\" data-e-type=\"container\">\n\t\t\t\t<div class=\"elementor-element elementor-element-6a391182 elementor-widget elementor-widget-heading\" data-id=\"6a391182\" data-element_type=\"widget\" data-e-type=\"widget\" data-widget_type=\"heading.default\">\n\t\t\t\t<div class=\"elementor-widget-container\">\n\t\t\t\t\t<h2 class=\"elementor-heading-title elementor-size-default\">VB JEWELLERY<\/h2>\t\t\t\t<\/div>\n\t\t\t\t<\/div>\n\t\t\t\t<div class=\"elementor-element elementor-element-49a48ff4 elementor-widget-divider--view-line elementor-widget elementor-widget-divider\" data-id=\"49a48ff4\" data-element_type=\"widget\" data-e-type=\"widget\" data-widget_type=\"divider.default\">\n\t\t\t\t<div class=\"elementor-widget-container\">\n\t\t\t\t\t\t\t<div class=\"elementor-divider\">\n\t\t\t<span class=\"elementor-divider-separator\">\n\t\t\t\t\t\t<\/span>\n\t\t<\/div>\n\t\t\t\t\t\t<\/div>\n\t\t\t\t<\/div>\n\t\t\t\t<\/div>\n\t\t<div class=\"elementor-element elementor-element-4f2fec47 e-con-full e-flex e-con e-child\" data-id=\"4f2fec47\" data-element_type=\"container\" data-e-type=\"container\">\n\t\t\t\t<div class=\"elementor-element elementor-element-4d47bd28 elementor-widget elementor-widget-text-editor\" data-id=\"4d47bd28\" data-element_type=\"widget\" data-e-type=\"widget\" data-widget_type=\"text-editor.default\">\n\t\t\t\t<div class=\"elementor-widget-container\">\n\t\t\t\t\t\t\t\t\t<p><strong>VB Jewelery was founded in 2024. by Michael Birhane and Ji\u0159\u00ed Vymyslick\u00fd. More than twenty years of experience make them experts in the field.<\/strong><\/p><p>VB Jewellery was initially founded as a brand based on their personal beliefs that quality Jewellery should not be exorbitantly priced. As a Jewellery enthusiasts noticed that fine Jewellery are usually priced out of range for most people for daily wear, while costume Jewellery tend to be of inferior quality. Our Jewellery was quintessentially founded to seek a happy medium between the 2 extremes, offering customers quality Jewellery pieces at reasonable, affordable prices.<\/p><p>Our mission is to craft alluring jewellery for everyday wear, and our vision is to become the preferred jewellery brand. We believe that jewellery should be handcrafted like in the days of yore, and designed to always stand up to the rigors of contemporary everyday wear.<\/p><p>We postulate that fine jewellery should not just be adorned for special occasions, but also be used for everyday wear to brighten up the mundane.<\/p>\t\t\t\t\t\t\t\t<\/div>\n\t\t\t\t<\/div>\n\t\t\t\t<div class=\"elementor-element elementor-element-5e71a546 elementor-mobile-align-center elementor-widget elementor-widget-button\" data-id=\"5e71a546\" data-element_type=\"widget\" data-e-type=\"widget\" data-widget_type=\"button.default\">\n\t\t\t\t<div class=\"elementor-widget-container\">\n\t\t\t\t\t\t\t\t\t<div class=\"elementor-button-wrapper\">\n\t\t\t\t\t<a class=\"elementor-button elementor-button-link elementor-size-sm\" href=\"https:\/\/vbjewellery.cz\/en\/o-nas\/\">\n\t\t\t\t\t\t<span class=\"elementor-button-content-wrapper\">\n\t\t\t\t\t\t\t\t\t<span class=\"elementor-button-text\">About us<\/span>\n\t\t\t\t\t<\/span>\n\t\t\t\t\t<\/a>\n\t\t\t\t<\/div>\n\t\t\t\t\t\t\t\t<\/div>\n\t\t\t\t<\/div>\n\t\t\t\t<\/div>\n\t\t\t\t\t<\/div>\n\t\t\t\t<\/div>\n\t\t<div class=\"elementor-element elementor-element-2b91c352 e-flex e-con-boxed e-con e-parent\" data-id=\"2b91c352\" data-element_type=\"container\" data-e-type=\"container\" data-settings=\"{&quot;background_background&quot;:&quot;classic&quot;}\">\n\t\t\t\t\t<div class=\"e-con-inner\">\n\t\t\t\t<div class=\"elementor-element elementor-element-4e607311 elementor-widget elementor-widget-heading\" data-id=\"4e607311\" data-element_type=\"widget\" data-e-type=\"widget\" data-widget_type=\"heading.default\">\n\t\t\t\t<div class=\"elementor-widget-container\">\n\t\t\t\t\t<h4 class=\"elementor-heading-title elementor-size-default\">WHY TO CHOOSE US<\/h4>\t\t\t\t<\/div>\n\t\t\t\t<\/div>\n\t\t\t\t<div class=\"elementor-element elementor-element-33ef0db elementor-widget-divider--view-line elementor-widget elementor-widget-divider\" data-id=\"33ef0db\" data-element_type=\"widget\" data-e-type=\"widget\" data-widget_type=\"divider.default\">\n\t\t\t\t<div class=\"elementor-widget-container\">\n\t\t\t\t\t\t\t<div class=\"elementor-divider\">\n\t\t\t<span class=\"elementor-divider-separator\">\n\t\t\t\t\t\t<\/span>\n\t\t<\/div>\n\t\t\t\t\t\t<\/div>\n\t\t\t\t<\/div>\n\t\t\t\t\t<\/div>\n\t\t\t\t<\/div>\n\t\t<div class=\"elementor-element elementor-element-8f79f16 e-flex e-con-boxed e-con e-parent\" data-id=\"8f79f16\" data-element_type=\"container\" data-e-type=\"container\">\n\t\t\t\t\t<div class=\"e-con-inner\">\n\t\t<div class=\"elementor-element elementor-element-79db8318 e-con-full e-flex e-con e-child\" data-id=\"79db8318\" data-element_type=\"container\" data-e-type=\"container\">\n\t\t\t\t<div class=\"elementor-element elementor-element-1faef61b elementor-view-default elementor-widget elementor-widget-icon\" data-id=\"1faef61b\" data-element_type=\"widget\" data-e-type=\"widget\" data-widget_type=\"icon.default\">\n\t\t\t\t<div class=\"elementor-widget-container\">\n\t\t\t\t\t\t\t<div class=\"elementor-icon-wrapper\">\n\t\t\t<div class=\"elementor-icon\">\n\t\t\t<svg aria-hidden=\"true\" class=\"e-font-icon-svg e-fas-medal\" viewbox=\"0 0 512 512\" xmlns=\"http:\/\/www.w3.org\/2000\/svg\"><path d=\"M223.75 130.75L154.62 15.54A31.997 31.997 0 0 0 127.18 0H16.03C3.08 0-4.5 14.57 2.92 25.18l111.27 158.96c29.72-27.77 67.52-46.83 109.56-53.39zM495.97 0H384.82c-11.24 0-21.66 5.9-27.44 15.54l-69.13 115.21c42.04 6.56 79.84 25.62 109.56 53.38L509.08 25.18C516.5 14.57 508.92 0 495.97 0zM256 160c-97.2 0-176 78.8-176 176s78.8 176 176 176 176-78.8 176-176-78.8-176-176-176zm92.52 157.26l-37.93 36.96 8.97 52.22c1.6 9.36-8.26 16.51-16.65 12.09L256 393.88l-46.9 24.65c-8.4 4.45-18.25-2.74-16.65-12.09l8.97-52.22-37.93-36.96c-6.82-6.64-3.05-18.23 6.35-19.59l52.43-7.64 23.43-47.52c2.11-4.28 6.19-6.39 10.28-6.39 4.11 0 8.22 2.14 10.33 6.39l23.43 47.52 52.43 7.64c9.4 1.36 13.17 12.95 6.35 19.59z\"><\/path><\/svg>\t\t\t<\/div>\n\t\t<\/div>\n\t\t\t\t\t\t<\/div>\n\t\t\t\t<\/div>\n\t\t\t\t<div class=\"elementor-element elementor-element-68e4caa7 elementor-widget elementor-widget-heading\" data-id=\"68e4caa7\" data-element_type=\"widget\" data-e-type=\"widget\" data-widget_type=\"heading.default\">\n\t\t\t\t<div class=\"elementor-widget-container\">\n\t\t\t\t\t<h3 class=\"elementor-heading-title elementor-size-default\">Top quality at unbeatable prices<\/h3>\t\t\t\t<\/div>\n\t\t\t\t<\/div>\n\t\t\t\t<div class=\"elementor-element elementor-element-2f6dffe6 elementor-widget elementor-widget-text-editor\" data-id=\"2f6dffe6\" data-element_type=\"widget\" data-e-type=\"widget\" data-widget_type=\"text-editor.default\">\n\t\t\t\t<div class=\"elementor-widget-container\">\n\t\t\t\t\t\t\t\t\t<p>We carefully select materials and check every detail to ensure that our jewelry is not only beautiful, but also long-lasting.<\/p>\t\t\t\t\t\t\t\t<\/div>\n\t\t\t\t<\/div>\n\t\t\t\t<\/div>\n\t\t<div class=\"elementor-element elementor-element-f9a83e2 e-con-full e-flex e-con e-child\" data-id=\"f9a83e2\" data-element_type=\"container\" data-e-type=\"container\">\n\t\t\t\t<div class=\"elementor-element elementor-element-f754b3a elementor-widget__width-initial elementor-widget-tablet__width-initial elementor-widget elementor-widget-image\" data-id=\"f754b3a\" data-element_type=\"widget\" data-e-type=\"widget\" data-widget_type=\"image.default\">\n\t\t\t\t<div class=\"elementor-widget-container\">\n\t\t\t\t\t\t\t\t\t\t\t\t\t\t\t<img fetchpriority=\"high\" decoding=\"async\" width=\"512\" height=\"512\" src=\"https:\/\/vbjewellery.cz\/wp-content\/uploads\/2024\/09\/IMG_0016.png\" class=\"attachment-full size-full wp-image-2459\" alt=\"\" srcset=\"https:\/\/vbjewellery.cz\/wp-content\/uploads\/2024\/09\/IMG_0016.png 512w, https:\/\/vbjewellery.cz\/wp-content\/uploads\/2024\/09\/IMG_0016-300x300.png 300w, https:\/\/vbjewellery.cz\/wp-content\/uploads\/2024\/09\/elementor\/thumbs\/IMG_0016-quatnigyhowu0cy8mgvcwxjp6pd4ndfav2sjflgml8.png 150w, https:\/\/vbjewellery.cz\/wp-content\/uploads\/2024\/09\/IMG_0016-12x12.png 12w, https:\/\/vbjewellery.cz\/wp-content\/uploads\/2024\/09\/elementor\/thumbs\/IMG_0016-quatnigxvrim7cvdf0fruw4io19bbhtfx6hycw80ko.png 100w, https:\/\/vbjewellery.cz\/wp-content\/uploads\/2024\/09\/elementor\/thumbs\/IMG_0016-quatnigzpjp9md3z1dqj10e281krb4n0qvdpkzxumc.png 250w, https:\/\/vbjewellery.cz\/wp-content\/uploads\/2024\/09\/elementor\/thumbs\/IMG_0016-quatnih2r6ocndib2nwgb7hyte3tyiobgcumyi4wp4.png 500w\" sizes=\"(max-width: 512px) 100vw, 512px\" \/>\t\t\t\t\t\t\t\t\t\t\t\t\t\t\t<\/div>\n\t\t\t\t<\/div>\n\t\t\t\t<div class=\"elementor-element elementor-element-3faf4aa6 elementor-widget elementor-widget-heading\" data-id=\"3faf4aa6\" data-element_type=\"widget\" data-e-type=\"widget\" data-widget_type=\"heading.default\">\n\t\t\t\t<div class=\"elementor-widget-container\">\n\t\t\t\t\t<h3 class=\"elementor-heading-title elementor-size-default\">Wide selection <br>and modern design<\/h3>\t\t\t\t<\/div>\n\t\t\t\t<\/div>\n\t\t\t\t<div class=\"elementor-element elementor-element-809d60b elementor-widget elementor-widget-text-editor\" data-id=\"809d60b\" data-element_type=\"widget\" data-e-type=\"widget\" data-widget_type=\"text-editor.default\">\n\t\t\t\t<div class=\"elementor-widget-container\">\n\t\t\t\t\t\t\t\t\t<p>We offer a wide range of silver and steel jewelry in various styles and designs that match the current fashion trends.<\/p><p>\u00a0<\/p>\t\t\t\t\t\t\t\t<\/div>\n\t\t\t\t<\/div>\n\t\t\t\t<\/div>\n\t\t<div class=\"elementor-element elementor-element-39611316 e-con-full e-flex e-con e-child\" data-id=\"39611316\" data-element_type=\"container\" data-e-type=\"container\">\n\t\t\t\t<div class=\"elementor-element elementor-element-2a8e3cb6 elementor-view-default elementor-widget elementor-widget-icon\" data-id=\"2a8e3cb6\" data-element_type=\"widget\" data-e-type=\"widget\" data-widget_type=\"icon.default\">\n\t\t\t\t<div class=\"elementor-widget-container\">\n\t\t\t\t\t\t\t<div class=\"elementor-icon-wrapper\">\n\t\t\t<div class=\"elementor-icon\">\n\t\t\t<svg aria-hidden=\"true\" class=\"e-font-icon-svg e-fas-hands-helping\" viewbox=\"0 0 640 512\" xmlns=\"http:\/\/www.w3.org\/2000\/svg\"><path d=\"M488 192H336v56c0 39.7-32.3 72-72 72s-72-32.3-72-72V126.4l-64.9 39C107.8 176.9 96 197.8 96 220.2v47.3l-80 46.2C.7 322.5-4.6 342.1 4.3 357.4l80 138.6c8.8 15.3 28.4 20.5 43.7 11.7L231.4 448H368c35.3 0 64-28.7 64-64h16c17.7 0 32-14.3 32-32v-64h8c13.3 0 24-10.7 24-24v-48c0-13.3-10.7-24-24-24zm147.7-37.4L555.7 16C546.9.7 527.3-4.5 512 4.3L408.6 64H306.4c-12 0-23.7 3.4-33.9 9.7L239 94.6c-9.4 5.8-15 16.1-15 27.1V248c0 22.1 17.9 40 40 40s40-17.9 40-40v-88h184c30.9 0 56 25.1 56 56v28.5l80-46.2c15.3-8.9 20.5-28.4 11.7-43.7z\"><\/path><\/svg>\t\t\t<\/div>\n\t\t<\/div>\n\t\t\t\t\t\t<\/div>\n\t\t\t\t<\/div>\n\t\t\t\t<div class=\"elementor-element elementor-element-4b70aaae elementor-widget elementor-widget-heading\" data-id=\"4b70aaae\" data-element_type=\"widget\" data-e-type=\"widget\" data-widget_type=\"heading.default\">\n\t\t\t\t<div class=\"elementor-widget-container\">\n\t\t\t\t\t<h3 class=\"elementor-heading-title elementor-size-default\">Excellent customer service and support<\/h3>\t\t\t\t<\/div>\n\t\t\t\t<\/div>\n\t\t\t\t<div class=\"elementor-element elementor-element-4f0ee4e elementor-widget elementor-widget-text-editor\" data-id=\"4f0ee4e\" data-element_type=\"widget\" data-e-type=\"widget\" data-widget_type=\"text-editor.default\">\n\t\t\t\t<div class=\"elementor-widget-container\">\n\t\t\t\t\t\t\t\t\t<p>Our company prides itself on excellent customer service and a personal approach. Our experienced team is here to answer all your questions.<\/p>\t\t\t\t\t\t\t\t<\/div>\n\t\t\t\t<\/div>\n\t\t\t\t<\/div>\n\t\t\t\t\t<\/div>\n\t\t\t\t<\/div>\n\t\t\t\t<\/div>","protected":false},"excerpt":{"rendered":"<p>Rhodiovan\u00e9 st\u0159\u00edbro V\u00edce informac\u00ed OCELOV\u00c9 \u0160PERKY V\u00edce informac\u00ed Body piercing jewellery V\u00edce informac\u00ed VB JEWELLERY Firma VB Jewellery byla zalo\u017eena v roce 2024 Michaelem Birhanem a Ji\u0159\u00edm Vymyslick\u00fdm. S dvacetiletou prax\u00ed ve velkoobchodu a maloobchodu se \u0161perky jsme zku\u0161en\u00ed odborn\u00edci v oboru. Jako milovn\u00edci st\u0159\u00edbrn\u00fdch a ocelov\u00fdch \u0161perk\u016f jsme si v\u0161imli, \u017ee kvalitn\u00ed \u0161perky jsou [&hellip;]<\/p>\n","protected":false},"author":1,"featured_media":0,"parent":0,"menu_order":0,"comment_status":"closed","ping_status":"closed","template":"","meta":{"_uag_custom_page_level_css":"","site-sidebar-layout":"no-sidebar","site-content-layout":"page-builder","ast-site-content-layout":"full-width-container","site-content-style":"unboxed","site-sidebar-style":"unboxed","ast-global-header-display":"","ast-banner-title-visibility":"","ast-main-header-display":"","ast-hfb-above-header-display":"","ast-hfb-below-header-display":"","ast-hfb-mobile-header-display":"","site-post-title":"disabled","ast-breadcrumbs-content":"","ast-featured-img":"disabled","footer-sml-layout":"","ast-disable-related-posts":"","theme-transparent-header-meta":"enabled","adv-header-id-meta":"","stick-header-meta":"","header-above-stick-meta":"","header-main-stick-meta":"","header-below-stick-meta":"","astra-migrate-meta-layouts":"set","ast-page-background-enabled":"default","ast-page-background-meta":{"desktop":{"background-color":"var(--ast-global-color-4)","background-image":"","background-repeat":"repeat","background-position":"center center","background-size":"auto","background-attachment":"scroll","background-type":"","background-media":"","overlay-type":"","overlay-color":"","overlay-opacity":"","overlay-gradient":""},"tablet":{"background-color":"","background-image":"","background-repeat":"repeat","background-position":"center center","background-size":"auto","background-attachment":"scroll","background-type":"","background-media":"","overlay-type":"","overlay-color":"","overlay-opacity":"","overlay-gradient":""},"mobile":{"background-color":"","background-image":"","background-repeat":"repeat","background-position":"center center","background-size":"auto","background-attachment":"scroll","background-type":"","background-media":"","overlay-type":"","overlay-color":"","overlay-opacity":"","overlay-gradient":""}},"ast-content-background-meta":{"desktop":{"background-color":"var(--ast-global-color-5)","background-image":"","background-repeat":"repeat","background-position":"center center","background-size":"auto","background-attachment":"scroll","background-type":"","background-media":"","overlay-type":"","overlay-color":"","overlay-opacity":"","overlay-gradient":""},"tablet":{"background-color":"var(--ast-global-color-5)","background-image":"","background-repeat":"repeat","background-position":"center center","background-size":"auto","background-attachment":"scroll","background-type":"","background-media":"","overlay-type":"","overlay-color":"","overlay-opacity":"","overlay-gradient":""},"mobile":{"background-color":"var(--ast-global-color-5)","background-image":"","background-repeat":"repeat","background-position":"center center","background-size":"auto","background-attachment":"scroll","background-type":"","background-media":"","overlay-type":"","overlay-color":"","overlay-opacity":"","overlay-gradient":""}},"_glsr_average":0,"_glsr_ranking":0,"_glsr_reviews":0,"footnotes":""},"class_list":["post-1322","page","type-page","status-publish","hentry"],"uagb_featured_image_src":{"full":false,"thumbnail":false,"medium":false,"medium_large":false,"large":false,"1536x1536":false,"2048x2048":false,"trp-custom-language-flag":false},"uagb_author_info":{"display_name":"admin","author_link":"https:\/\/vbjewellery.cz\/en\/author\/admin\/"},"uagb_comment_info":0,"uagb_excerpt":"Rhodiovan\u00e9 st\u0159\u00edbro V\u00edce informac\u00ed OCELOV\u00c9 \u0160PERKY V\u00edce informac\u00ed Body piercing jewellery V\u00edce informac\u00ed VB JEWELLERY Firma VB Jewellery byla zalo\u017eena v roce 2024 Michaelem Birhanem a Ji\u0159\u00edm Vymyslick\u00fdm. S dvacetiletou prax\u00ed ve velkoobchodu a maloobchodu se \u0161perky jsme zku\u0161en\u00ed odborn\u00edci v oboru. Jako milovn\u00edci st\u0159\u00edbrn\u00fdch a ocelov\u00fdch \u0161perk\u016f jsme si v\u0161imli, \u017ee kvalitn\u00ed \u0161perky jsou&hellip;","_links":{"self":[{"href":"https:\/\/vbjewellery.cz\/en\/wp-json\/wp\/v2\/pages\/1322","targetHints":{"allow":["GET"]}}],"collection":[{"href":"https:\/\/vbjewellery.cz\/en\/wp-json\/wp\/v2\/pages"}],"about":[{"href":"https:\/\/vbjewellery.cz\/en\/wp-json\/wp\/v2\/types\/page"}],"author":[{"embeddable":true,"href":"https:\/\/vbjewellery.cz\/en\/wp-json\/wp\/v2\/users\/1"}],"replies":[{"embeddable":true,"href":"https:\/\/vbjewellery.cz\/en\/wp-json\/wp\/v2\/comments?post=1322"}],"version-history":[{"count":43,"href":"https:\/\/vbjewellery.cz\/en\/wp-json\/wp\/v2\/pages\/1322\/revisions"}],"predecessor-version":[{"id":2670,"href":"https:\/\/vbjewellery.cz\/en\/wp-json\/wp\/v2\/pages\/1322\/revisions\/2670"}],"wp:attachment":[{"href":"https:\/\/vbjewellery.cz\/en\/wp-json\/wp\/v2\/media?parent=1322"}],"curies":[{"name":"wp","href":"https:\/\/api.w.org\/{rel}","templated":true}]}}